{"id":85,"date":"2025-03-17T13:05:19","date_gmt":"2025-03-17T13:05:19","guid":{"rendered":"http:\/\/angabrasives.com\/product\/boncellensis-secullant\/"},"modified":"2025-04-07T08:03:30","modified_gmt":"2025-04-07T08:03:30","slug":"boncellensis-secullant","status":"publish","type":"product","link":"https:\/\/www.angabrasives.com\/es\/producto\/boncellensis-secullant\/","title":{"rendered":"Granalla de pl\u00e1stico"},"content":{"rendered":"<p>La granalla de pl\u00e1stico es un abrasivo vers\u00e1til que puede utilizarse en diversas aplicaciones. Se trata de un abrasivo ligero de forma angular que suele utilizarse para eliminar pintura u otros revestimientos sin da\u00f1ar sustratos delicados como el aluminio o los materiales compuestos.<\/p>\n<p>Los soportes pl\u00e1sticos se crean a partir de productos pl\u00e1sticos reciclados o de resina. Los tipos de soportes pl\u00e1sticos m\u00e1s comunes son el poli\u00e9ster (tipo I), la urea (tipo II), la melamina (tipo III) o el acr\u00edlico (tipo V). Cada tipo tiene una dureza diferente para satisfacer las necesidades de la aplicaci\u00f3n.<\/p>\n<h3 class=\"fusion-responsive-typography-calculated\" data-fontsize=\"24\" data-lineheight=\"28.8px\"><strong>Aplicaciones de abrasivos pl\u00e1sticos:<\/strong><\/h3>\n<ul>\n<li>Limpieza de moho<\/li>\n<li>Eliminaci\u00f3n de contaminantes<\/li>\n<li>Decapado de pinturas o revestimientos, especialmente en la industria aeroespacial<\/li>\n<li>Desbarbado de piezas de pl\u00e1stico o goma<\/li>\n<li>Limpieza de piezas delicadas<\/li>\n<\/ul>\n<h3 class=\"fusion-responsive-typography-calculated\" data-fontsize=\"24\" data-lineheight=\"28.8px\"><strong>Caracter\u00edsticas f\u00edsicas:<\/strong><\/h3>\n<ul>\n<li>Forma angular o en bloque<\/li>\n<li>Dureza:\n<ul>\n<li>Poli\u00e9ster (tipo I) - aprox. 3,0 Mohs<\/li>\n<li>Urea (tipo II) - aprox. 3,5 Mohs<\/li>\n<li>Melamina (tipo III) - aprox. 4,0 Mohs<\/li>\n<li>Acr\u00edlico (tipo V) - aprox. 3,5 Mohs<\/li>\n<\/ul>\n<\/li>\n<li>Densidad aparente ligera, lo que permite una gran velocidad cuando se utiliza en equipos de granallado.<\/li>\n<li>Disponible en granos mixtos<\/li>\n<li>Tambi\u00e9n disponible con especificaciones militares<\/li>\n<\/ul>","protected":false},"excerpt":{"rendered":"<p>La granalla de pl\u00e1stico es un abrasivo vers\u00e1til que puede utilizarse en diversas aplicaciones. Se trata de un abrasivo ligero de forma angular que suele utilizarse para eliminar pintura u otros revestimientos sin da\u00f1ar sustratos delicados como el aluminio o los materiales compuestos.<\/p>\n<p>Los soportes pl\u00e1sticos se crean a partir de productos pl\u00e1sticos reciclados o de resina. Los tipos de soportes pl\u00e1sticos m\u00e1s comunes son el poli\u00e9ster (tipo I), la urea (tipo II), la melamina (tipo III) o el acr\u00edlico (tipo V). Cada tipo tiene una dureza diferente para satisfacer las necesidades de la aplicaci\u00f3n.<\/p>\n<h3 class=\"fusion-responsive-typography-calculated\" data-fontsize=\"24\" data-lineheight=\"28.8px\"><strong>Aplicaciones de abrasivos pl\u00e1sticos:<\/strong><\/h3>\n<ul>\n<li>Limpieza de moho<\/li>\n<li>Eliminaci\u00f3n de contaminantes<\/li>\n<li>Decapado de pinturas o revestimientos, especialmente en la industria aeroespacial<\/li>\n<li>Desbarbado de piezas de pl\u00e1stico o goma<\/li>\n<li>Limpieza de piezas delicadas<\/li>\n<\/ul>\n<h3 class=\"fusion-responsive-typography-calculated\" data-fontsize=\"24\" data-lineheight=\"28.8px\"><strong>Caracter\u00edsticas f\u00edsicas:<\/strong><\/h3>\n<ul>\n<li>Forma angular o en bloque<\/li>\n<li>Dureza:\n<ul>\n<li>Poli\u00e9ster (tipo I) - aprox. 3,0 Mohs<\/li>\n<li>Urea (tipo II) - aprox. 3,5 Mohs<\/li>\n<li>Melamina (tipo III) - aprox. 4,0 Mohs<\/li>\n<li>Acr\u00edlico (tipo V) - aprox. 3,5 Mohs<\/li>\n<\/ul>\n<\/li>\n<li>Densidad aparente ligera, lo que permite una gran velocidad cuando se utiliza en equipos de granallado.<\/li>\n<li>Disponible en granos mixtos<\/li>\n<li>Tambi\u00e9n disponible con especificaciones militares<\/li>\n<\/ul>","protected":false},"featured_media":2143,"template":"","meta":{"_uag_custom_page_level_css":"","site-sidebar-layout":"default","site-content-layout":"default","ast-site-content-layout":"default","site-content-style":"default","site-sidebar-style":"default","ast-global-header-display":"","ast-banner-title-visibility":"","ast-main-header-display":"","ast-hfb-above-header-display":"","ast-hfb-below-header-display":"","ast-hfb-mobile-header-display":"","site-post-title":"","ast-breadcrumbs-content":"","ast-featured-img":"","footer-sml-layout":"","ast-disable-related-posts":"","theme-transparent-header-meta":"default","adv-header-id-meta":"","stick-header-meta":"default","header-above-stick-meta":"","header-main-stick-meta":"","header-below-stick-meta":"","astra-migrate-meta-layouts":"set","ast-page-background-enabled":"default","ast-page-background-meta":{"desktop":{"background-color":"","background-image":"","background-repeat":"repeat","background-position":"center center","background-size":"auto","background-attachment":"scroll","background-type":"","background-media":"","overlay-type":"","overlay-color":"","overlay-opacity":"","overlay-gradient":""},"tablet":{"background-color":"","background-image":"","background-repeat":"repeat","background-position":"center center","background-size":"auto","background-attachment":"scroll","background-type":"","background-media":"","overlay-type":"","overlay-color":"","overlay-opacity":"","overlay-gradient":""},"mobile":{"background-color":"","background-image":"","background-repeat":"repeat","background-position":"center center","background-size":"auto","background-attachment":"scroll","background-type":"","background-media":"","overlay-type":"","overlay-color":"","overlay-opacity":"","overlay-gradient":""}},"ast-content-background-meta":{"desktop":{"background-color":"var(--ast-global-color-5)","background-image":"","background-repeat":"repeat","background-position":"center center","background-size":"auto","background-attachment":"scroll","background-type":"","background-media":"","overlay-type":"","overlay-color":"","overlay-opacity":"","overlay-gradient":""},"tablet":{"background-color":"var(--ast-global-color-5)","background-image":"","background-repeat":"repeat","background-position":"center center","background-size":"auto","background-attachment":"scroll","background-type":"","background-media":"","overlay-type":"","overlay-color":"","overlay-opacity":"","overlay-gradient":""},"mobile":{"background-color":"var(--ast-global-color-5)","background-image":"","background-repeat":"repeat","background-position":"center center","background-size":"auto","background-attachment":"scroll","background-type":"","background-media":"","overlay-type":"","overlay-color":"","overlay-opacity":"","overlay-gradient":""}}},"product_brand":[],"product_cat":[43],"product_tag":[],"class_list":{"0":"post-85","1":"product","2":"type-product","3":"status-publish","4":"has-post-thumbnail","6":"product_cat-abrasives","7":"desktop-align-left","8":"tablet-align-left","9":"mobile-align-left","10":"ast-product-gallery-layout-horizontal-slider","12":"first","13":"instock","14":"featured","15":"shipping-taxable","16":"product-type-simple"},"uagb_featured_image_src":{"full":["https:\/\/www.angabrasives.com\/wp-content\/uploads\/2025\/03\/Plastic-Blasting-Media-Type-II-1-e16353436362261.jpg",725,407,false],"thumbnail":["https:\/\/www.angabrasives.com\/wp-content\/uploads\/2025\/03\/Plastic-Blasting-Media-Type-II-1-e16353436362261-150x150.jpg",150,150,true],"medium":["https:\/\/www.angabrasives.com\/wp-content\/uploads\/2025\/03\/Plastic-Blasting-Media-Type-II-1-e16353436362261-300x168.jpg",300,168,true],"medium_large":["https:\/\/www.angabrasives.com\/wp-content\/uploads\/2025\/03\/Plastic-Blasting-Media-Type-II-1-e16353436362261.jpg",725,407,false],"large":["https:\/\/www.angabrasives.com\/wp-content\/uploads\/2025\/03\/Plastic-Blasting-Media-Type-II-1-e16353436362261.jpg",725,407,false],"1536x1536":["https:\/\/www.angabrasives.com\/wp-content\/uploads\/2025\/03\/Plastic-Blasting-Media-Type-II-1-e16353436362261.jpg",725,407,false],"2048x2048":["https:\/\/www.angabrasives.com\/wp-content\/uploads\/2025\/03\/Plastic-Blasting-Media-Type-II-1-e16353436362261.jpg",725,407,false],"trp-custom-language-flag":["https:\/\/www.angabrasives.com\/wp-content\/uploads\/2025\/03\/Plastic-Blasting-Media-Type-II-1-e16353436362261-18x10.jpg",18,10,true],"woocommerce_thumbnail":["https:\/\/www.angabrasives.com\/wp-content\/uploads\/2025\/03\/Plastic-Blasting-Media-Type-II-1-e16353436362261-300x300.jpg",300,300,true],"woocommerce_single":["https:\/\/www.angabrasives.com\/wp-content\/uploads\/2025\/03\/Plastic-Blasting-Media-Type-II-1-e16353436362261-600x337.jpg",600,337,true],"woocommerce_gallery_thumbnail":["https:\/\/www.angabrasives.com\/wp-content\/uploads\/2025\/03\/Plastic-Blasting-Media-Type-II-1-e16353436362261-100x100.jpg",100,100,true]},"uagb_author_info":{"display_name":"jinxing6611@gmail.com","author_link":"https:\/\/www.angabrasives.com\/es\/author\/"},"uagb_comment_info":0,"uagb_excerpt":"Plastic blasting media is a versatile abrasive media that can be used in a variety of applications. It is a lightweight, angular-shaped media most commonly used in the removal of paint or other coatings without harm to delicate substrates such as aluminum or composites. Plastic media is created from either recycled plastic products or resin.&hellip;","_links":{"self":[{"href":"https:\/\/www.angabrasives.com\/es\/wp-json\/wp\/v2\/product\/85","targetHints":{"allow":["GET"]}}],"collection":[{"href":"https:\/\/www.angabrasives.com\/es\/wp-json\/wp\/v2\/product"}],"about":[{"href":"https:\/\/www.angabrasives.com\/es\/wp-json\/wp\/v2\/types\/product"}],"wp:featuredmedia":[{"embeddable":true,"href":"https:\/\/www.angabrasives.com\/es\/wp-json\/wp\/v2\/media\/2143"}],"wp:attachment":[{"href":"https:\/\/www.angabrasives.com\/es\/wp-json\/wp\/v2\/media?parent=85"}],"wp:term":[{"taxonomy":"product_brand","embeddable":true,"href":"https:\/\/www.angabrasives.com\/es\/wp-json\/wp\/v2\/product_brand?post=85"},{"taxonomy":"product_cat","embeddable":true,"href":"https:\/\/www.angabrasives.com\/es\/wp-json\/wp\/v2\/product_cat?post=85"},{"taxonomy":"product_tag","embeddable":true,"href":"https:\/\/www.angabrasives.com\/es\/wp-json\/wp\/v2\/product_tag?post=85"}],"curies":[{"name":"wp","href":"https:\/\/api.w.org\/{rel}","templated":true}]}}