{"id":84,"date":"2025-03-17T13:05:19","date_gmt":"2025-03-17T13:05:19","guid":{"rendered":"http:\/\/angabrasives.com\/product\/green-soil-lotus\/"},"modified":"2025-04-08T06:19:11","modified_gmt":"2025-04-08T06:19:11","slug":"green-soil-lotus","status":"publish","type":"product","link":"https:\/\/www.angabrasives.com\/es\/producto\/green-soil-lotus\/","title":{"rendered":"Abrasivos de carburo de silicio"},"content":{"rendered":"<p>Tambi\u00e9n conocido por su compuesto qu\u00edmico, SiC, el carburo de silicio es un semiconductor que contiene silicio y carbono. Se encuentra en la naturaleza como un mineral muy raro llamado moissanita, aunque el carburo de silicio sint\u00e9tico se produce en masa como material abrasivo desde 1893. Cuando sus granos se unen en un horno de arco el\u00e9ctrico, el producto resultante es un material extremadamente duro con una excelente conductividad t\u00e9rmica, resistencia al choque t\u00e9rmico y resistencia a la abrasi\u00f3n qu\u00edmicamente inerte.<\/p>\n<p>Utilizado en aplicaciones que requieren una gran resistencia, como paneles bal\u00edsticos y chalecos antibalas, el carburo de silicio suele estar disponible como microgranulado o polvo negro o verde, o como polvo listo para prensar.<\/p>\n<p>ANG Abrasives suministra una gran variedad de tama\u00f1os y composiciones de carburo de silicio.<\/p>","protected":false},"excerpt":{"rendered":"<p>Tambi\u00e9n conocido por su compuesto qu\u00edmico, SiC, el carburo de silicio es un semiconductor que contiene silicio y carbono. Se encuentra en la naturaleza como un mineral muy raro llamado moissanita, aunque el carburo de silicio sint\u00e9tico se produce en masa como material abrasivo desde 1893. Cuando sus granos se unen en un horno de arco el\u00e9ctrico, el producto resultante es un material extremadamente duro con una excelente conductividad t\u00e9rmica, resistencia al choque t\u00e9rmico y resistencia a la abrasi\u00f3n qu\u00edmicamente inerte.<\/p>\n<p>Utilizado en aplicaciones que requieren una gran resistencia, como paneles bal\u00edsticos y chalecos antibalas, el carburo de silicio suele estar disponible como microgranulado o polvo negro o verde, o como polvo listo para prensar.<\/p>\n<p>ANG Abrasives suministra una gran variedad de tama\u00f1os y composiciones de carburo de silicio.<\/p>","protected":false},"featured_media":2394,"template":"","meta":{"_uag_custom_page_level_css":"","site-sidebar-layout":"default","site-content-layout":"default","ast-site-content-layout":"default","site-content-style":"default","site-sidebar-style":"default","ast-global-header-display":"","ast-banner-title-visibility":"","ast-main-header-display":"","ast-hfb-above-header-display":"","ast-hfb-below-header-display":"","ast-hfb-mobile-header-display":"","site-post-title":"","ast-breadcrumbs-content":"","ast-featured-img":"","footer-sml-layout":"","ast-disable-related-posts":"","theme-transparent-header-meta":"default","adv-header-id-meta":"","stick-header-meta":"default","header-above-stick-meta":"","header-main-stick-meta":"","header-below-stick-meta":"","astra-migrate-meta-layouts":"set","ast-page-background-enabled":"default","ast-page-background-meta":{"desktop":{"background-color":"","background-image":"","background-repeat":"repeat","background-position":"center center","background-size":"auto","background-attachment":"scroll","background-type":"","background-media":"","overlay-type":"","overlay-color":"","overlay-opacity":"","overlay-gradient":""},"tablet":{"background-color":"","background-image":"","background-repeat":"repeat","background-position":"center center","background-size":"auto","background-attachment":"scroll","background-type":"","background-media":"","overlay-type":"","overlay-color":"","overlay-opacity":"","overlay-gradient":""},"mobile":{"background-color":"","background-image":"","background-repeat":"repeat","background-position":"center center","background-size":"auto","background-attachment":"scroll","background-type":"","background-media":"","overlay-type":"","overlay-color":"","overlay-opacity":"","overlay-gradient":""}},"ast-content-background-meta":{"desktop":{"background-color":"var(--ast-global-color-5)","background-image":"","background-repeat":"repeat","background-position":"center center","background-size":"auto","background-attachment":"scroll","background-type":"","background-media":"","overlay-type":"","overlay-color":"","overlay-opacity":"","overlay-gradient":""},"tablet":{"background-color":"var(--ast-global-color-5)","background-image":"","background-repeat":"repeat","background-position":"center center","background-size":"auto","background-attachment":"scroll","background-type":"","background-media":"","overlay-type":"","overlay-color":"","overlay-opacity":"","overlay-gradient":""},"mobile":{"background-color":"var(--ast-global-color-5)","background-image":"","background-repeat":"repeat","background-position":"center center","background-size":"auto","background-attachment":"scroll","background-type":"","background-media":"","overlay-type":"","overlay-color":"","overlay-opacity":"","overlay-gradient":""}}},"product_brand":[],"product_cat":[43,39],"product_tag":[],"class_list":{"0":"post-84","1":"product","2":"type-product","3":"status-publish","4":"has-post-thumbnail","6":"product_cat-abrasives","7":"product_cat-silicone","8":"desktop-align-left","9":"tablet-align-left","10":"mobile-align-left","11":"ast-product-gallery-layout-horizontal-slider","12":"ast-product-gallery-with-no-image","14":"first","15":"instock","16":"featured","17":"shipping-taxable","18":"product-type-simple"},"uagb_featured_image_src":{"full":["https:\/\/www.angabrasives.com\/wp-content\/uploads\/2025\/03\/Black-Silicon-Carbide-e16454789405001.jpg",725,407,false],"thumbnail":["https:\/\/www.angabrasives.com\/wp-content\/uploads\/2025\/03\/Black-Silicon-Carbide-e16454789405001-150x150.jpg",150,150,true],"medium":["https:\/\/www.angabrasives.com\/wp-content\/uploads\/2025\/03\/Black-Silicon-Carbide-e16454789405001-300x168.jpg",300,168,true],"medium_large":["https:\/\/www.angabrasives.com\/wp-content\/uploads\/2025\/03\/Black-Silicon-Carbide-e16454789405001.jpg",725,407,false],"large":["https:\/\/www.angabrasives.com\/wp-content\/uploads\/2025\/03\/Black-Silicon-Carbide-e16454789405001.jpg",725,407,false],"1536x1536":["https:\/\/www.angabrasives.com\/wp-content\/uploads\/2025\/03\/Black-Silicon-Carbide-e16454789405001.jpg",725,407,false],"2048x2048":["https:\/\/www.angabrasives.com\/wp-content\/uploads\/2025\/03\/Black-Silicon-Carbide-e16454789405001.jpg",725,407,false],"trp-custom-language-flag":["https:\/\/www.angabrasives.com\/wp-content\/uploads\/2025\/03\/Black-Silicon-Carbide-e16454789405001-18x10.jpg",18,10,true],"woocommerce_thumbnail":["https:\/\/www.angabrasives.com\/wp-content\/uploads\/2025\/03\/Black-Silicon-Carbide-e16454789405001-300x300.jpg",300,300,true],"woocommerce_single":["https:\/\/www.angabrasives.com\/wp-content\/uploads\/2025\/03\/Black-Silicon-Carbide-e16454789405001-600x337.jpg",600,337,true],"woocommerce_gallery_thumbnail":["https:\/\/www.angabrasives.com\/wp-content\/uploads\/2025\/03\/Black-Silicon-Carbide-e16454789405001-100x100.jpg",100,100,true]},"uagb_author_info":{"display_name":"jinxing6611@gmail.com","author_link":"https:\/\/www.angabrasives.com\/es\/author\/"},"uagb_comment_info":0,"uagb_excerpt":"Also known by its chemical compound, SiC, Silicon Carbide is a semiconductor containing silicon and carbon. It occurs in nature as a very rare mineral called moissanite, though synthetic Silicon Carbide has been mass produced as an abrasive material since 1893. When its grains are bonded together in an electric arc furnace, the resulting product&hellip;","_links":{"self":[{"href":"https:\/\/www.angabrasives.com\/es\/wp-json\/wp\/v2\/product\/84","targetHints":{"allow":["GET"]}}],"collection":[{"href":"https:\/\/www.angabrasives.com\/es\/wp-json\/wp\/v2\/product"}],"about":[{"href":"https:\/\/www.angabrasives.com\/es\/wp-json\/wp\/v2\/types\/product"}],"wp:featuredmedia":[{"embeddable":true,"href":"https:\/\/www.angabrasives.com\/es\/wp-json\/wp\/v2\/media\/2394"}],"wp:attachment":[{"href":"https:\/\/www.angabrasives.com\/es\/wp-json\/wp\/v2\/media?parent=84"}],"wp:term":[{"taxonomy":"product_brand","embeddable":true,"href":"https:\/\/www.angabrasives.com\/es\/wp-json\/wp\/v2\/product_brand?post=84"},{"taxonomy":"product_cat","embeddable":true,"href":"https:\/\/www.angabrasives.com\/es\/wp-json\/wp\/v2\/product_cat?post=84"},{"taxonomy":"product_tag","embeddable":true,"href":"https:\/\/www.angabrasives.com\/es\/wp-json\/wp\/v2\/product_tag?post=84"}],"curies":[{"name":"wp","href":"https:\/\/api.w.org\/{rel}","templated":true}]}}