{"id":78,"date":"2025-03-17T13:05:19","date_gmt":"2025-03-17T13:05:19","guid":{"rendered":"http:\/\/angabrasives.com\/product\/ball-cactus\/"},"modified":"2025-04-07T08:03:42","modified_gmt":"2025-04-07T08:03:42","slug":"ball-cactus","status":"publish","type":"product","link":"https:\/\/www.angabrasives.com\/es\/producto\/ball-cactus\/","title":{"rendered":"10X Superoxalloy Abrasivos"},"content":{"rendered":"<p>10X superoxalloy abrasives are an engineered alloy of oxide minerals created through highly controlled formulation and tempering. This process creates non-crystalline (amorphous) particles that resist breakage under stress of high-speed mechanical impact.<\/p>\n<p>10X is low dust and leaves a brilliant, clean, profiled finish with minimal embedment or other residues. It achieves better coating performance and significantly delays rust bloom.<\/p>\n<p>10X superoxalloy abrasives come in a variety of grit sizes that fall into two product lines: EpiX precision grades ultra high-performance for demanding manufacturing applications and KinetiX high-production grades for cost-efficient, high-volume blasting jobs.<\/p>\n<h3 class=\"fusion-responsive-typography-calculated\" data-fontsize=\"24\" data-lineheight=\"28.8px\"><strong>10x Superoxalloy Blast Media Applications:<\/strong><\/h3>\n<ul>\n<li>Perfil<\/li>\n<li>Corrosion and coating removal<\/li>\n<li>Eliminaci\u00f3n de \u00f3xido y cascarilla de laminaci\u00f3n<\/li>\n<li>Limpieza<\/li>\n<li>Stone cutting and engraving<\/li>\n<li>Surface etching<\/li>\n<\/ul>\n<h3 class=\"fusion-responsive-typography-calculated\" data-fontsize=\"24\" data-lineheight=\"28.8px\"><strong>Caracter\u00edsticas f\u00edsicas:<\/strong><\/h3>\n<ul>\n<li>Tama\u00f1os:\n<ul>\n<li>KinetiX \u2013 10\/20, 10\/40, 20\/40, (20\/70 most popular) 40\/70<\/li>\n<li>EpiX \u2013 EpiX-EP 40\/100 (most popular on steel), EpiX-MP 70\/100 (most popular on aluminum, magnesium, and other softer substrates), EpiX-LP 100\/200<\/li>\n<\/ul>\n<\/li>\n<li>7-8 Mohs hardness<\/li>\n<li>Density ranging from 87-110 lbs. per cubic foot depending on grit size<\/li>\n<li>Environmentally safe<\/li>\n<li>Contains no free silica, beryllium, lead, or heavy metals. (Free silica and beryllium have never been detected in samples of 10X abrasives independently analyzed by certified third-party laboratories.)<\/li>\n<\/ul>","protected":false},"excerpt":{"rendered":"<p>10X superoxalloy abrasives are an engineered alloy of oxide minerals created through highly controlled formulation and tempering. This process creates non-crystalline (amorphous) particles that resist breakage under stress of high-speed mechanical impact.<\/p>\n<p>10X is low dust and leaves a brilliant, clean, profiled finish with minimal embedment or other residues. It achieves better coating performance and significantly delays rust bloom.<\/p>\n<p>10X superoxalloy abrasives come in a variety of grit sizes that fall into two product lines: EpiX precision grades ultra high-performance for demanding manufacturing applications and KinetiX high-production grades for cost-efficient, high-volume blasting jobs.<\/p>\n<h3 class=\"fusion-responsive-typography-calculated\" data-fontsize=\"24\" data-lineheight=\"28.8px\"><strong>10x Superoxalloy Blast Media Applications:<\/strong><\/h3>\n<ul>\n<li>Perfil<\/li>\n<li>Corrosion and coating removal<\/li>\n<li>Eliminaci\u00f3n de \u00f3xido y cascarilla de laminaci\u00f3n<\/li>\n<li>Limpieza<\/li>\n<li>Stone cutting and engraving<\/li>\n<li>Surface etching<\/li>\n<\/ul>\n<h3 class=\"fusion-responsive-typography-calculated\" data-fontsize=\"24\" data-lineheight=\"28.8px\"><strong>Caracter\u00edsticas f\u00edsicas:<\/strong><\/h3>\n<ul>\n<li>Tama\u00f1os:\n<ul>\n<li>KinetiX \u2013 10\/20, 10\/40, 20\/40, (20\/70 most popular) 40\/70<\/li>\n<li>EpiX \u2013 EpiX-EP 40\/100 (most popular on steel), EpiX-MP 70\/100 (most popular on aluminum, magnesium, and other softer substrates), EpiX-LP 100\/200<\/li>\n<\/ul>\n<\/li>\n<li>7-8 Mohs hardness<\/li>\n<li>Density ranging from 87-110 lbs. per cubic foot depending on grit size<\/li>\n<li>Environmentally safe<\/li>\n<li>Contains no free silica, beryllium, lead, or heavy metals. (Free silica and beryllium have never been detected in samples of 10X abrasives independently analyzed by certified third-party laboratories.)<\/li>\n<\/ul>","protected":false},"featured_media":2125,"template":"","meta":{"_uag_custom_page_level_css":"","site-sidebar-layout":"default","site-content-layout":"default","ast-site-content-layout":"default","site-content-style":"default","site-sidebar-style":"default","ast-global-header-display":"","ast-banner-title-visibility":"","ast-main-header-display":"","ast-hfb-above-header-display":"","ast-hfb-below-header-display":"","ast-hfb-mobile-header-display":"","site-post-title":"","ast-breadcrumbs-content":"","ast-featured-img":"","footer-sml-layout":"","ast-disable-related-posts":"","theme-transparent-header-meta":"default","adv-header-id-meta":"","stick-header-meta":"default","header-above-stick-meta":"","header-main-stick-meta":"","header-below-stick-meta":"","astra-migrate-meta-layouts":"set","ast-page-background-enabled":"default","ast-page-background-meta":{"desktop":{"background-color":"","background-image":"","background-repeat":"repeat","background-position":"center center","background-size":"auto","background-attachment":"scroll","background-type":"","background-media":"","overlay-type":"","overlay-color":"","overlay-opacity":"","overlay-gradient":""},"tablet":{"background-color":"","background-image":"","background-repeat":"repeat","background-position":"center center","background-size":"auto","background-attachment":"scroll","background-type":"","background-media":"","overlay-type":"","overlay-color":"","overlay-opacity":"","overlay-gradient":""},"mobile":{"background-color":"","background-image":"","background-repeat":"repeat","background-position":"center center","background-size":"auto","background-attachment":"scroll","background-type":"","background-media":"","overlay-type":"","overlay-color":"","overlay-opacity":"","overlay-gradient":""}},"ast-content-background-meta":{"desktop":{"background-color":"var(--ast-global-color-5)","background-image":"","background-repeat":"repeat","background-position":"center center","background-size":"auto","background-attachment":"scroll","background-type":"","background-media":"","overlay-type":"","overlay-color":"","overlay-opacity":"","overlay-gradient":""},"tablet":{"background-color":"var(--ast-global-color-5)","background-image":"","background-repeat":"repeat","background-position":"center center","background-size":"auto","background-attachment":"scroll","background-type":"","background-media":"","overlay-type":"","overlay-color":"","overlay-opacity":"","overlay-gradient":""},"mobile":{"background-color":"var(--ast-global-color-5)","background-image":"","background-repeat":"repeat","background-position":"center center","background-size":"auto","background-attachment":"scroll","background-type":"","background-media":"","overlay-type":"","overlay-color":"","overlay-opacity":"","overlay-gradient":""}}},"product_brand":[],"product_cat":[43],"product_tag":[],"class_list":{"0":"post-78","1":"product","2":"type-product","3":"status-publish","4":"has-post-thumbnail","6":"product_cat-abrasives","7":"desktop-align-left","8":"tablet-align-left","9":"mobile-align-left","10":"ast-product-gallery-layout-horizontal-slider","11":"ast-product-gallery-with-no-image","13":"first","14":"instock","15":"shipping-taxable","16":"product-type-simple"},"uagb_featured_image_src":{"full":["https:\/\/www.angabrasives.com\/wp-content\/uploads\/2025\/03\/10X_20-40-e16343194905841.jpg",725,407,false],"thumbnail":["https:\/\/www.angabrasives.com\/wp-content\/uploads\/2025\/03\/10X_20-40-e16343194905841-150x150.jpg",150,150,true],"medium":["https:\/\/www.angabrasives.com\/wp-content\/uploads\/2025\/03\/10X_20-40-e16343194905841-300x168.jpg",300,168,true],"medium_large":["https:\/\/www.angabrasives.com\/wp-content\/uploads\/2025\/03\/10X_20-40-e16343194905841.jpg",725,407,false],"large":["https:\/\/www.angabrasives.com\/wp-content\/uploads\/2025\/03\/10X_20-40-e16343194905841.jpg",725,407,false],"1536x1536":["https:\/\/www.angabrasives.com\/wp-content\/uploads\/2025\/03\/10X_20-40-e16343194905841.jpg",725,407,false],"2048x2048":["https:\/\/www.angabrasives.com\/wp-content\/uploads\/2025\/03\/10X_20-40-e16343194905841.jpg",725,407,false],"trp-custom-language-flag":["https:\/\/www.angabrasives.com\/wp-content\/uploads\/2025\/03\/10X_20-40-e16343194905841-18x10.jpg",18,10,true],"woocommerce_thumbnail":["https:\/\/www.angabrasives.com\/wp-content\/uploads\/2025\/03\/10X_20-40-e16343194905841-300x300.jpg",300,300,true],"woocommerce_single":["https:\/\/www.angabrasives.com\/wp-content\/uploads\/2025\/03\/10X_20-40-e16343194905841-600x337.jpg",600,337,true],"woocommerce_gallery_thumbnail":["https:\/\/www.angabrasives.com\/wp-content\/uploads\/2025\/03\/10X_20-40-e16343194905841-100x100.jpg",100,100,true]},"uagb_author_info":{"display_name":"jinxing6611@gmail.com","author_link":"https:\/\/www.angabrasives.com\/es\/author\/"},"uagb_comment_info":0,"uagb_excerpt":"10X superoxalloy abrasives are an engineered alloy of oxide minerals created through highly controlled formulation and tempering. This process creates non-crystalline (amorphous) particles that resist breakage under stress of high-speed mechanical impact. 10X is low dust and leaves a brilliant, clean, profiled finish with minimal embedment or other residues. It achieves better coating performance and&hellip;","_links":{"self":[{"href":"https:\/\/www.angabrasives.com\/es\/wp-json\/wp\/v2\/product\/78","targetHints":{"allow":["GET"]}}],"collection":[{"href":"https:\/\/www.angabrasives.com\/es\/wp-json\/wp\/v2\/product"}],"about":[{"href":"https:\/\/www.angabrasives.com\/es\/wp-json\/wp\/v2\/types\/product"}],"wp:featuredmedia":[{"embeddable":true,"href":"https:\/\/www.angabrasives.com\/es\/wp-json\/wp\/v2\/media\/2125"}],"wp:attachment":[{"href":"https:\/\/www.angabrasives.com\/es\/wp-json\/wp\/v2\/media?parent=78"}],"wp:term":[{"taxonomy":"product_brand","embeddable":true,"href":"https:\/\/www.angabrasives.com\/es\/wp-json\/wp\/v2\/product_brand?post=78"},{"taxonomy":"product_cat","embeddable":true,"href":"https:\/\/www.angabrasives.com\/es\/wp-json\/wp\/v2\/product_cat?post=78"},{"taxonomy":"product_tag","embeddable":true,"href":"https:\/\/www.angabrasives.com\/es\/wp-json\/wp\/v2\/product_tag?post=78"}],"curies":[{"name":"wp","href":"https:\/\/api.w.org\/{rel}","templated":true}]}}