{"id":75,"date":"2025-03-17T13:05:19","date_gmt":"2025-03-17T13:05:19","guid":{"rendered":"http:\/\/angabrasives.com\/product\/old-lady-cactus\/"},"modified":"2025-04-08T06:02:14","modified_gmt":"2025-04-08T06:02:14","slug":"glass-bead-blasting-media","status":"publish","type":"product","link":"https:\/\/www.angabrasives.com\/es\/producto\/glass-bead-blasting-media\/","title":{"rendered":"Granalla de vidrio"},"content":{"rendered":"<p>Las microesferas de vidrio, o abrasivos de microesferas de vidrio, se utilizan con mayor frecuencia en procesos generales de mantenimiento y limpieza por granallado. El chorreado con microesferas de vidrio permite al usuario limpiar las piezas de trabajo sin una eliminaci\u00f3n significativa de la superficie. Debido a su forma esf\u00e9rica, las microesferas de vidrio tambi\u00e9n se utilizan en algunas aplicaciones de granallado. Su forma tambi\u00e9n favorece un desprendimiento lento que permite m\u00faltiples giros e impactos.<\/p>\n<p>La forma de las microesferas de vidrio permite un proceso de cuatro pasos en una sola aplicaci\u00f3n, ya que pueden limpiar, acabar, granallar y, en algunos casos, incluso desbarbar. Esa combinaci\u00f3n proporciona un acabado superficial controlado y \u00fanico en comparaci\u00f3n con otros abrasivos de chorreado comunes. Deja un acabado satinado, brillante y agradable en superficies met\u00e1licas.<\/p>\n<p>La amplia gama de tama\u00f1os disponibles en perlas de vidrio permite una gran variedad de acabados superficiales y texturas cosm\u00e9ticas. Adem\u00e1s, las perlas de vidrio son qu\u00edmicamente inertes y no dejan contaminaci\u00f3n ni residuos en las superficies.<\/p>\n<h3 class=\"fusion-responsive-typography-calculated\" data-fontsize=\"24\" data-lineheight=\"28.8px\"><strong>Aplicaciones del abrasivo de microesferas de vidrio:<\/strong><\/h3>\n<ul>\n<li>Acabado cosm\u00e9tico y satinado<\/li>\n<li>Limpieza por granallado cuando la eliminaci\u00f3n de metal de la pieza de trabajo es un problema<\/li>\n<li>Limpieza de moho<\/li>\n<li>Restauraci\u00f3n de autom\u00f3viles<\/li>\n<li>Peening ligero o medio de piezas met\u00e1licas para reducir la fatiga<\/li>\n<li>Eliminaci\u00f3n de incrustaciones de carbono o tratamiento t\u00e9rmico<\/li>\n<\/ul>\n<h3 class=\"fusion-responsive-typography-calculated\" data-fontsize=\"24\" data-lineheight=\"28.8px\"><strong>Caracter\u00edsticas f\u00edsicas:<\/strong><\/h3>\n<ul>\n<li>Forma redonda<\/li>\n<li>5-6 en la escala de dureza de Mohs<\/li>\n<li>Tambi\u00e9n disponible con especificaciones militares.<\/li>\n<li>La densidad a granel es de aproximadamente 100 libras por pie c\u00fabico<\/li>\n<\/ul>\n<p>ANG Abrasives es un proveedor de abrasivos de microesferas de vidrio, que ofrece una amplia variedad de medios de granallado de microesferas de vidrio. <a href=\"https:\/\/surfaceprep.com\/product\/glass-beads\/#contact-footer\">P\u00f3ngase en contacto con nosotros<\/a>\u00a0hoy mismo para solicitar un presupuesto.<\/p>","protected":false},"excerpt":{"rendered":"<p>Las microesferas de vidrio, o abrasivos de microesferas de vidrio, se utilizan con mayor frecuencia en procesos generales de mantenimiento y limpieza por granallado. El chorreado con microesferas de vidrio permite al usuario limpiar las piezas de trabajo sin una eliminaci\u00f3n significativa de la superficie. Debido a su forma esf\u00e9rica, las microesferas de vidrio tambi\u00e9n se utilizan en algunas aplicaciones de granallado. Su forma tambi\u00e9n favorece un desprendimiento lento que permite m\u00faltiples giros e impactos.<\/p>\n<p>La forma de las microesferas de vidrio permite un proceso de cuatro pasos en una sola aplicaci\u00f3n, ya que pueden limpiar, acabar, granallar y, en algunos casos, incluso desbarbar. Esa combinaci\u00f3n proporciona un acabado superficial controlado y \u00fanico en comparaci\u00f3n con otros abrasivos de chorreado comunes. Deja un acabado satinado, brillante y agradable en superficies met\u00e1licas.<\/p>\n<p>La amplia gama de tama\u00f1os disponibles en perlas de vidrio permite una gran variedad de acabados superficiales y texturas cosm\u00e9ticas. Adem\u00e1s, las perlas de vidrio son qu\u00edmicamente inertes y no dejan contaminaci\u00f3n ni residuos en las superficies.<\/p>\n<h3 class=\"fusion-responsive-typography-calculated\" data-fontsize=\"24\" data-lineheight=\"28.8px\"><strong>Aplicaciones del abrasivo de microesferas de vidrio:<\/strong><\/h3>\n<ul>\n<li>Acabado cosm\u00e9tico y satinado<\/li>\n<li>Limpieza por granallado cuando la eliminaci\u00f3n de metal de la pieza de trabajo es un problema<\/li>\n<li>Limpieza de moho<\/li>\n<li>Restauraci\u00f3n de autom\u00f3viles<\/li>\n<li>Peening ligero o medio de piezas met\u00e1licas para reducir la fatiga<\/li>\n<li>Eliminaci\u00f3n de incrustaciones de carbono o tratamiento t\u00e9rmico<\/li>\n<\/ul>\n<h3 class=\"fusion-responsive-typography-calculated\" data-fontsize=\"24\" data-lineheight=\"28.8px\"><strong>Caracter\u00edsticas f\u00edsicas:<\/strong><\/h3>\n<ul>\n<li>Forma redonda<\/li>\n<li>5-6 en la escala de dureza de Mohs<\/li>\n<li>Tambi\u00e9n disponible con especificaciones militares.<\/li>\n<li>La densidad a granel es de aproximadamente 100 libras por pie c\u00fabico<\/li>\n<\/ul>\n<p>ANG Abrasives es un proveedor de abrasivos de microesferas de vidrio, que ofrece una amplia variedad de medios de granallado de microesferas de vidrio. <a href=\"https:\/\/surfaceprep.com\/product\/glass-beads\/#contact-footer\">P\u00f3ngase en contacto con nosotros<\/a>\u00a0hoy mismo para solicitar un presupuesto.<\/p>","protected":false},"featured_media":2152,"template":"","meta":{"_uag_custom_page_level_css":"","site-sidebar-layout":"default","site-content-layout":"default","ast-site-content-layout":"default","site-content-style":"default","site-sidebar-style":"default","ast-global-header-display":"","ast-banner-title-visibility":"","ast-main-header-display":"","ast-hfb-above-header-display":"","ast-hfb-below-header-display":"","ast-hfb-mobile-header-display":"","site-post-title":"","ast-breadcrumbs-content":"","ast-featured-img":"","footer-sml-layout":"","ast-disable-related-posts":"","theme-transparent-header-meta":"default","adv-header-id-meta":"","stick-header-meta":"default","header-above-stick-meta":"","header-main-stick-meta":"","header-below-stick-meta":"","astra-migrate-meta-layouts":"set","ast-page-background-enabled":"default","ast-page-background-meta":{"desktop":{"background-color":"","background-image":"","background-repeat":"repeat","background-position":"center center","background-size":"auto","background-attachment":"scroll","background-type":"","background-media":"","overlay-type":"","overlay-color":"","overlay-opacity":"","overlay-gradient":""},"tablet":{"background-color":"","background-image":"","background-repeat":"repeat","background-position":"center center","background-size":"auto","background-attachment":"scroll","background-type":"","background-media":"","overlay-type":"","overlay-color":"","overlay-opacity":"","overlay-gradient":""},"mobile":{"background-color":"","background-image":"","background-repeat":"repeat","background-position":"center center","background-size":"auto","background-attachment":"scroll","background-type":"","background-media":"","overlay-type":"","overlay-color":"","overlay-opacity":"","overlay-gradient":""}},"ast-content-background-meta":{"desktop":{"background-color":"var(--ast-global-color-5)","background-image":"","background-repeat":"repeat","background-position":"center center","background-size":"auto","background-attachment":"scroll","background-type":"","background-media":"","overlay-type":"","overlay-color":"","overlay-opacity":"","overlay-gradient":""},"tablet":{"background-color":"var(--ast-global-color-5)","background-image":"","background-repeat":"repeat","background-position":"center center","background-size":"auto","background-attachment":"scroll","background-type":"","background-media":"","overlay-type":"","overlay-color":"","overlay-opacity":"","overlay-gradient":""},"mobile":{"background-color":"var(--ast-global-color-5)","background-image":"","background-repeat":"repeat","background-position":"center center","background-size":"auto","background-attachment":"scroll","background-type":"","background-media":"","overlay-type":"","overlay-color":"","overlay-opacity":"","overlay-gradient":""}}},"product_brand":[],"product_cat":[43,40],"product_tag":[],"class_list":{"0":"post-75","1":"product","2":"type-product","3":"status-publish","4":"has-post-thumbnail","6":"product_cat-abrasives","7":"product_cat-glass","8":"desktop-align-left","9":"tablet-align-left","10":"mobile-align-left","11":"ast-product-gallery-layout-horizontal-slider","13":"first","14":"instock","15":"featured","16":"shipping-taxable","17":"product-type-simple"},"uagb_featured_image_src":{"full":["https:\/\/www.angabrasives.com\/wp-content\/uploads\/2025\/03\/Coarse-Glass-Beads-1-e16353435614521.jpg",725,407,false],"thumbnail":["https:\/\/www.angabrasives.com\/wp-content\/uploads\/2025\/03\/Coarse-Glass-Beads-1-e16353435614521-150x150.jpg",150,150,true],"medium":["https:\/\/www.angabrasives.com\/wp-content\/uploads\/2025\/03\/Coarse-Glass-Beads-1-e16353435614521-300x168.jpg",300,168,true],"medium_large":["https:\/\/www.angabrasives.com\/wp-content\/uploads\/2025\/03\/Coarse-Glass-Beads-1-e16353435614521.jpg",725,407,false],"large":["https:\/\/www.angabrasives.com\/wp-content\/uploads\/2025\/03\/Coarse-Glass-Beads-1-e16353435614521.jpg",725,407,false],"1536x1536":["https:\/\/www.angabrasives.com\/wp-content\/uploads\/2025\/03\/Coarse-Glass-Beads-1-e16353435614521.jpg",725,407,false],"2048x2048":["https:\/\/www.angabrasives.com\/wp-content\/uploads\/2025\/03\/Coarse-Glass-Beads-1-e16353435614521.jpg",725,407,false],"trp-custom-language-flag":["https:\/\/www.angabrasives.com\/wp-content\/uploads\/2025\/03\/Coarse-Glass-Beads-1-e16353435614521-18x10.jpg",18,10,true],"woocommerce_thumbnail":["https:\/\/www.angabrasives.com\/wp-content\/uploads\/2025\/03\/Coarse-Glass-Beads-1-e16353435614521-300x300.jpg",300,300,true],"woocommerce_single":["https:\/\/www.angabrasives.com\/wp-content\/uploads\/2025\/03\/Coarse-Glass-Beads-1-e16353435614521-600x337.jpg",600,337,true],"woocommerce_gallery_thumbnail":["https:\/\/www.angabrasives.com\/wp-content\/uploads\/2025\/03\/Coarse-Glass-Beads-1-e16353435614521-100x100.jpg",100,100,true]},"uagb_author_info":{"display_name":"jinxing6611@gmail.com","author_link":"https:\/\/www.angabrasives.com\/es\/author\/"},"uagb_comment_info":0,"uagb_excerpt":"Glass beads, or glass bead abrasives, are most often used in general maintenance and blast cleaning processes. Blasting with glass beads allows the user to clean work pieces without significant surface removal. Due to its spherical shape, glass beads are also used in some peening applications. The shape also lends to a slow break down&hellip;","_links":{"self":[{"href":"https:\/\/www.angabrasives.com\/es\/wp-json\/wp\/v2\/product\/75","targetHints":{"allow":["GET"]}}],"collection":[{"href":"https:\/\/www.angabrasives.com\/es\/wp-json\/wp\/v2\/product"}],"about":[{"href":"https:\/\/www.angabrasives.com\/es\/wp-json\/wp\/v2\/types\/product"}],"wp:featuredmedia":[{"embeddable":true,"href":"https:\/\/www.angabrasives.com\/es\/wp-json\/wp\/v2\/media\/2152"}],"wp:attachment":[{"href":"https:\/\/www.angabrasives.com\/es\/wp-json\/wp\/v2\/media?parent=75"}],"wp:term":[{"taxonomy":"product_brand","embeddable":true,"href":"https:\/\/www.angabrasives.com\/es\/wp-json\/wp\/v2\/product_brand?post=75"},{"taxonomy":"product_cat","embeddable":true,"href":"https:\/\/www.angabrasives.com\/es\/wp-json\/wp\/v2\/product_cat?post=75"},{"taxonomy":"product_tag","embeddable":true,"href":"https:\/\/www.angabrasives.com\/es\/wp-json\/wp\/v2\/product_tag?post=75"}],"curies":[{"name":"wp","href":"https:\/\/api.w.org\/{rel}","templated":true}]}}