{"id":2175,"date":"2025-04-02T10:16:05","date_gmt":"2025-04-02T10:16:05","guid":{"rendered":"https:\/\/www.angabrasives.com\/?post_type=product&#038;p=2175"},"modified":"2025-04-07T08:24:50","modified_gmt":"2025-04-07T08:24:50","slug":"aluminum-shot","status":"publish","type":"product","link":"https:\/\/www.angabrasives.com\/es\/producto\/aluminum-shot\/","title":{"rendered":"Tiro de aluminio"},"content":{"rendered":"<h2 class=\"fusion-responsive-typography-calculated\" data-fontsize=\"34\" data-lineheight=\"40.8px\">Granalla de aluminio y abrasivos<\/h2>\n<p>La granalla de aluminio es una granalla m\u00e1s ligera. La granalla de aluminio se utiliza principalmente para eliminar revestimientos o pintura.  La granalla de aluminio es una buena opci\u00f3n si la pieza de trabajo no tolera el grabado o la contaminaci\u00f3n ferrosa. Es la elecci\u00f3n perfecta para aplicaciones de limpieza con piezas delicadas que pueden da\u00f1arse f\u00e1cilmente con granalla de mayor densidad.<\/p>\n<p>Su forma es irregular, pero las part\u00edculas son en su mayor\u00eda redondas o redondeadas. Debido a la forma irregular de las part\u00edculas, la granalla de aluminio solo se ofrece en dos gamas\/categor\u00edas de tama\u00f1o: mediano y grande.<\/p>\n<h3 class=\"fusion-responsive-typography-calculated\" data-fontsize=\"24\" data-lineheight=\"28.8px\">Aplicaciones de granalla de aluminio:<\/h3>\n<ul>\n<li>Eliminaci\u00f3n de pintura o revestimientos, especialmente en el sector aeroespacial<\/li>\n<li>Eliminaci\u00f3n de contaminantes<\/li>\n<li>Limpieza de piezas delicadas<\/li>\n<li>Desbarbado de piezas<\/li>\n<\/ul>\n<h3 class=\"fusion-responsive-typography-calculated\" data-fontsize=\"24\" data-lineheight=\"28.8px\">Granalla de aluminio Caracter\u00edsticas f\u00edsicas:<\/h3>\n<ul>\n<li>Densidad a granel - aprox. 75 libras por pie c\u00fabico<\/li>\n<li>Tama\u00f1os:\n<ul>\n<li>Mediana - aproximadamente 0,035<\/li>\n<li>Grande - aproximadamente .054\"<\/li>\n<\/ul>\n<\/li>\n<\/ul>","protected":false},"excerpt":{"rendered":"<h2 class=\"fusion-responsive-typography-calculated\" data-fontsize=\"34\" data-lineheight=\"40.8px\">Granalla de aluminio y abrasivos<\/h2>\n<p>La granalla de aluminio es una granalla m\u00e1s ligera. La granalla de aluminio se utiliza principalmente para eliminar revestimientos o pintura.  La granalla de aluminio es una buena opci\u00f3n si la pieza de trabajo no tolera el grabado o la contaminaci\u00f3n ferrosa. Es la elecci\u00f3n perfecta para aplicaciones de limpieza con piezas delicadas que pueden da\u00f1arse f\u00e1cilmente con granalla de mayor densidad.<\/p>\n<p>Su forma es irregular, pero las part\u00edculas son en su mayor\u00eda redondas o redondeadas. Debido a la forma irregular de las part\u00edculas, la granalla de aluminio solo se ofrece en dos gamas\/categor\u00edas de tama\u00f1o: mediano y grande.<\/p>\n<h3 class=\"fusion-responsive-typography-calculated\" data-fontsize=\"24\" data-lineheight=\"28.8px\">Aplicaciones de granalla de aluminio:<\/h3>\n<ul>\n<li>Eliminaci\u00f3n de pintura o revestimientos, especialmente en el sector aeroespacial<\/li>\n<li>Eliminaci\u00f3n de contaminantes<\/li>\n<li>Limpieza de piezas delicadas<\/li>\n<li>Desbarbado de piezas<\/li>\n<\/ul>\n<h3 class=\"fusion-responsive-typography-calculated\" data-fontsize=\"24\" data-lineheight=\"28.8px\">Granalla de aluminio Caracter\u00edsticas f\u00edsicas:<\/h3>\n<ul>\n<li>Densidad a granel - aprox. 75 libras por pie c\u00fabico<\/li>\n<li>Tama\u00f1os:\n<ul>\n<li>Mediana - aproximadamente 0,035<\/li>\n<li>Grande - aproximadamente .054\"<\/li>\n<\/ul>\n<\/li>\n<\/ul>","protected":false},"featured_media":2176,"template":"","meta":{"_uag_custom_page_level_css":"","site-sidebar-layout":"default","site-content-layout":"","ast-site-content-layout":"default","site-content-style":"default","site-sidebar-style":"default","ast-global-header-display":"","ast-banner-title-visibility":"","ast-main-header-display":"","ast-hfb-above-header-display":"","ast-hfb-below-header-display":"","ast-hfb-mobile-header-display":"","site-post-title":"","ast-breadcrumbs-content":"","ast-featured-img":"","footer-sml-layout":"","ast-disable-related-posts":"","theme-transparent-header-meta":"default","adv-header-id-meta":"","stick-header-meta":"default","header-above-stick-meta":"","header-main-stick-meta":"","header-below-stick-meta":"","astra-migrate-meta-layouts":"set","ast-page-background-enabled":"default","ast-page-background-meta":{"desktop":{"background-color":"","background-image":"","background-repeat":"repeat","background-position":"center center","background-size":"auto","background-attachment":"scroll","background-type":"","background-media":"","overlay-type":"","overlay-color":"","overlay-opacity":"","overlay-gradient":""},"tablet":{"background-color":"","background-image":"","background-repeat":"repeat","background-position":"center center","background-size":"auto","background-attachment":"scroll","background-type":"","background-media":"","overlay-type":"","overlay-color":"","overlay-opacity":"","overlay-gradient":""},"mobile":{"background-color":"","background-image":"","background-repeat":"repeat","background-position":"center center","background-size":"auto","background-attachment":"scroll","background-type":"","background-media":"","overlay-type":"","overlay-color":"","overlay-opacity":"","overlay-gradient":""}},"ast-content-background-meta":{"desktop":{"background-color":"var(--ast-global-color-5)","background-image":"","background-repeat":"repeat","background-position":"center center","background-size":"auto","background-attachment":"scroll","background-type":"","background-media":"","overlay-type":"","overlay-color":"","overlay-opacity":"","overlay-gradient":""},"tablet":{"background-color":"var(--ast-global-color-5)","background-image":"","background-repeat":"repeat","background-position":"center center","background-size":"auto","background-attachment":"scroll","background-type":"","background-media":"","overlay-type":"","overlay-color":"","overlay-opacity":"","overlay-gradient":""},"mobile":{"background-color":"var(--ast-global-color-5)","background-image":"","background-repeat":"repeat","background-position":"center center","background-size":"auto","background-attachment":"scroll","background-type":"","background-media":"","overlay-type":"","overlay-color":"","overlay-opacity":"","overlay-gradient":""}}},"product_brand":[],"product_cat":[43],"product_tag":[],"class_list":{"0":"post-2175","1":"product","2":"type-product","3":"status-publish","4":"has-post-thumbnail","6":"product_cat-abrasives","7":"desktop-align-left","8":"tablet-align-left","9":"mobile-align-left","10":"ast-product-gallery-layout-horizontal-slider","12":"first","13":"instock","14":"shipping-taxable","15":"product-type-simple"},"uagb_featured_image_src":{"full":["https:\/\/www.angabrasives.com\/wp-content\/uploads\/2025\/04\/Aluminum-Shot-1-e16342194401641.jpg",725,407,false],"thumbnail":["https:\/\/www.angabrasives.com\/wp-content\/uploads\/2025\/04\/Aluminum-Shot-1-e16342194401641-150x150.jpg",150,150,true],"medium":["https:\/\/www.angabrasives.com\/wp-content\/uploads\/2025\/04\/Aluminum-Shot-1-e16342194401641-300x168.jpg",300,168,true],"medium_large":["https:\/\/www.angabrasives.com\/wp-content\/uploads\/2025\/04\/Aluminum-Shot-1-e16342194401641.jpg",725,407,false],"large":["https:\/\/www.angabrasives.com\/wp-content\/uploads\/2025\/04\/Aluminum-Shot-1-e16342194401641.jpg",725,407,false],"1536x1536":["https:\/\/www.angabrasives.com\/wp-content\/uploads\/2025\/04\/Aluminum-Shot-1-e16342194401641.jpg",725,407,false],"2048x2048":["https:\/\/www.angabrasives.com\/wp-content\/uploads\/2025\/04\/Aluminum-Shot-1-e16342194401641.jpg",725,407,false],"trp-custom-language-flag":["https:\/\/www.angabrasives.com\/wp-content\/uploads\/2025\/04\/Aluminum-Shot-1-e16342194401641-18x10.jpg",18,10,true],"woocommerce_thumbnail":["https:\/\/www.angabrasives.com\/wp-content\/uploads\/2025\/04\/Aluminum-Shot-1-e16342194401641-300x300.jpg",300,300,true],"woocommerce_single":["https:\/\/www.angabrasives.com\/wp-content\/uploads\/2025\/04\/Aluminum-Shot-1-e16342194401641-600x337.jpg",600,337,true],"woocommerce_gallery_thumbnail":["https:\/\/www.angabrasives.com\/wp-content\/uploads\/2025\/04\/Aluminum-Shot-1-e16342194401641-100x100.jpg",100,100,true]},"uagb_author_info":{"display_name":"jinxing6611@gmail.com","author_link":"https:\/\/www.angabrasives.com\/es\/author\/"},"uagb_comment_info":0,"uagb_excerpt":"Aluminum Shot Blasting Media &amp; Abrasive Aluminum shot is a lighter weight\u00a0blast media. Aluminum shot is primarily used for coating removal or paint removal.\u00a0 Aluminum shot is a good consideration if the work piece cannot tolerate etching or ferrous contamination. It is the perfect choice for cleaning applications with delicate parts that may easily be&hellip;","_links":{"self":[{"href":"https:\/\/www.angabrasives.com\/es\/wp-json\/wp\/v2\/product\/2175","targetHints":{"allow":["GET"]}}],"collection":[{"href":"https:\/\/www.angabrasives.com\/es\/wp-json\/wp\/v2\/product"}],"about":[{"href":"https:\/\/www.angabrasives.com\/es\/wp-json\/wp\/v2\/types\/product"}],"wp:featuredmedia":[{"embeddable":true,"href":"https:\/\/www.angabrasives.com\/es\/wp-json\/wp\/v2\/media\/2176"}],"wp:attachment":[{"href":"https:\/\/www.angabrasives.com\/es\/wp-json\/wp\/v2\/media?parent=2175"}],"wp:term":[{"taxonomy":"product_brand","embeddable":true,"href":"https:\/\/www.angabrasives.com\/es\/wp-json\/wp\/v2\/product_brand?post=2175"},{"taxonomy":"product_cat","embeddable":true,"href":"https:\/\/www.angabrasives.com\/es\/wp-json\/wp\/v2\/product_cat?post=2175"},{"taxonomy":"product_tag","embeddable":true,"href":"https:\/\/www.angabrasives.com\/es\/wp-json\/wp\/v2\/product_tag?post=2175"}],"curies":[{"name":"wp","href":"https:\/\/api.w.org\/{rel}","templated":true}]}}