{"id":2163,"date":"2025-04-02T08:29:49","date_gmt":"2025-04-02T08:29:49","guid":{"rendered":"https:\/\/www.angabrasives.com\/?post_type=product&#038;p=2163"},"modified":"2025-04-07T08:04:02","modified_gmt":"2025-04-07T08:04:02","slug":"crushed-glass-blasting-media","status":"publish","type":"product","link":"https:\/\/www.angabrasives.com\/es\/producto\/crushed-glass-blasting-media\/","title":{"rendered":"Granalla de vidrio triturado"},"content":{"rendered":"<p>El vidrio triturado es un abrasivo de uso general que puede utilizarse en diversas aplicaciones. El vidrio triturado se fabrica a partir de vidrio reciclado 100%. Es ideal para limpieza general, trabajos de restauraci\u00f3n y eliminaci\u00f3n de \u00f3xido e incrustaciones.<\/p>\n<p>Su forma angular limpia las superficies y proporciona un perfil milim\u00e9trico uniforme con escasa incrustaci\u00f3n de part\u00edculas. El vidrio triturado tambi\u00e9n puede realzar el brillo natural de la superficie sin dejar ning\u00fan tipo de decoloraci\u00f3n. Es un abrasivo de bajo coste que puede ser un sustituto eficaz de la escoria y los abrasivos minerales. El vidrio triturado tiene una reciclabilidad muy baja y normalmente es un abrasivo de un solo uso.<\/p>\n<h3 class=\"fusion-responsive-typography-calculated\" data-fontsize=\"24\" data-lineheight=\"28.8px\"><strong>Aplicaciones abrasivas del vidrio:<\/strong><\/h3>\n<ul>\n<li>Eliminaci\u00f3n de \u00f3xido y cascarilla de laminaci\u00f3n<\/li>\n<li>Restauraci\u00f3n de hormig\u00f3n, ladrillo y piedra caliza<\/li>\n<li>Patr\u00f3n de anclaje para revestimiento o grabado, creando un acabado superficial mate<\/li>\n<\/ul>\n<h3 class=\"fusion-responsive-typography-calculated\" data-fontsize=\"24\" data-lineheight=\"28.8px\"><strong>Caracter\u00edsticas f\u00edsicas:<\/strong><\/h3>\n<ul>\n<li>Forma angular<\/li>\n<li>5,5 - 6,0 Dureza Mohs<\/li>\n<li>Densidad a granel - Aprox. 85 - 90 libras por pie c\u00fabico<\/li>\n<\/ul>","protected":false},"excerpt":{"rendered":"<p>El vidrio triturado es un abrasivo de uso general que puede utilizarse en diversas aplicaciones. El vidrio triturado se fabrica a partir de vidrio reciclado 100%. Es ideal para limpieza general, trabajos de restauraci\u00f3n y eliminaci\u00f3n de \u00f3xido e incrustaciones.<\/p>\n<p>Su forma angular limpia las superficies y proporciona un perfil milim\u00e9trico uniforme con escasa incrustaci\u00f3n de part\u00edculas. El vidrio triturado tambi\u00e9n puede realzar el brillo natural de la superficie sin dejar ning\u00fan tipo de decoloraci\u00f3n. Es un abrasivo de bajo coste que puede ser un sustituto eficaz de la escoria y los abrasivos minerales. El vidrio triturado tiene una reciclabilidad muy baja y normalmente es un abrasivo de un solo uso.<\/p>\n<h3 class=\"fusion-responsive-typography-calculated\" data-fontsize=\"24\" data-lineheight=\"28.8px\"><strong>Aplicaciones abrasivas del vidrio:<\/strong><\/h3>\n<ul>\n<li>Eliminaci\u00f3n de \u00f3xido y cascarilla de laminaci\u00f3n<\/li>\n<li>Restauraci\u00f3n de hormig\u00f3n, ladrillo y piedra caliza<\/li>\n<li>Patr\u00f3n de anclaje para revestimiento o grabado, creando un acabado superficial mate<\/li>\n<\/ul>\n<h3 class=\"fusion-responsive-typography-calculated\" data-fontsize=\"24\" data-lineheight=\"28.8px\"><strong>Caracter\u00edsticas f\u00edsicas:<\/strong><\/h3>\n<ul>\n<li>Forma angular<\/li>\n<li>5,5 - 6,0 Dureza Mohs<\/li>\n<li>Densidad a granel - Aprox. 85 - 90 libras por pie c\u00fabico<\/li>\n<\/ul>","protected":false},"featured_media":2164,"template":"","meta":{"_uag_custom_page_level_css":"","site-sidebar-layout":"default","site-content-layout":"","ast-site-content-layout":"default","site-content-style":"default","site-sidebar-style":"default","ast-global-header-display":"","ast-banner-title-visibility":"","ast-main-header-display":"","ast-hfb-above-header-display":"","ast-hfb-below-header-display":"","ast-hfb-mobile-header-display":"","site-post-title":"","ast-breadcrumbs-content":"","ast-featured-img":"","footer-sml-layout":"","ast-disable-related-posts":"","theme-transparent-header-meta":"default","adv-header-id-meta":"","stick-header-meta":"default","header-above-stick-meta":"","header-main-stick-meta":"","header-below-stick-meta":"","astra-migrate-meta-layouts":"set","ast-page-background-enabled":"default","ast-page-background-meta":{"desktop":{"background-color":"","background-image":"","background-repeat":"repeat","background-position":"center center","background-size":"auto","background-attachment":"scroll","background-type":"","background-media":"","overlay-type":"","overlay-color":"","overlay-opacity":"","overlay-gradient":""},"tablet":{"background-color":"","background-image":"","background-repeat":"repeat","background-position":"center center","background-size":"auto","background-attachment":"scroll","background-type":"","background-media":"","overlay-type":"","overlay-color":"","overlay-opacity":"","overlay-gradient":""},"mobile":{"background-color":"","background-image":"","background-repeat":"repeat","background-position":"center center","background-size":"auto","background-attachment":"scroll","background-type":"","background-media":"","overlay-type":"","overlay-color":"","overlay-opacity":"","overlay-gradient":""}},"ast-content-background-meta":{"desktop":{"background-color":"var(--ast-global-color-5)","background-image":"","background-repeat":"repeat","background-position":"center center","background-size":"auto","background-attachment":"scroll","background-type":"","background-media":"","overlay-type":"","overlay-color":"","overlay-opacity":"","overlay-gradient":""},"tablet":{"background-color":"var(--ast-global-color-5)","background-image":"","background-repeat":"repeat","background-position":"center center","background-size":"auto","background-attachment":"scroll","background-type":"","background-media":"","overlay-type":"","overlay-color":"","overlay-opacity":"","overlay-gradient":""},"mobile":{"background-color":"var(--ast-global-color-5)","background-image":"","background-repeat":"repeat","background-position":"center center","background-size":"auto","background-attachment":"scroll","background-type":"","background-media":"","overlay-type":"","overlay-color":"","overlay-opacity":"","overlay-gradient":""}}},"product_brand":[],"product_cat":[43],"product_tag":[],"class_list":{"0":"post-2163","1":"product","2":"type-product","3":"status-publish","4":"has-post-thumbnail","6":"product_cat-abrasives","7":"desktop-align-left","8":"tablet-align-left","9":"mobile-align-left","10":"ast-product-gallery-layout-horizontal-slider","12":"first","13":"instock","14":"shipping-taxable","15":"product-type-simple"},"uagb_featured_image_src":{"full":["https:\/\/www.angabrasives.com\/wp-content\/uploads\/2025\/04\/Crushed-Glass-1-e16353433853161.jpg",725,407,false],"thumbnail":["https:\/\/www.angabrasives.com\/wp-content\/uploads\/2025\/04\/Crushed-Glass-1-e16353433853161-150x150.jpg",150,150,true],"medium":["https:\/\/www.angabrasives.com\/wp-content\/uploads\/2025\/04\/Crushed-Glass-1-e16353433853161-300x168.jpg",300,168,true],"medium_large":["https:\/\/www.angabrasives.com\/wp-content\/uploads\/2025\/04\/Crushed-Glass-1-e16353433853161.jpg",725,407,false],"large":["https:\/\/www.angabrasives.com\/wp-content\/uploads\/2025\/04\/Crushed-Glass-1-e16353433853161.jpg",725,407,false],"1536x1536":["https:\/\/www.angabrasives.com\/wp-content\/uploads\/2025\/04\/Crushed-Glass-1-e16353433853161.jpg",725,407,false],"2048x2048":["https:\/\/www.angabrasives.com\/wp-content\/uploads\/2025\/04\/Crushed-Glass-1-e16353433853161.jpg",725,407,false],"trp-custom-language-flag":["https:\/\/www.angabrasives.com\/wp-content\/uploads\/2025\/04\/Crushed-Glass-1-e16353433853161-18x10.jpg",18,10,true],"woocommerce_thumbnail":["https:\/\/www.angabrasives.com\/wp-content\/uploads\/2025\/04\/Crushed-Glass-1-e16353433853161-300x300.jpg",300,300,true],"woocommerce_single":["https:\/\/www.angabrasives.com\/wp-content\/uploads\/2025\/04\/Crushed-Glass-1-e16353433853161-600x337.jpg",600,337,true],"woocommerce_gallery_thumbnail":["https:\/\/www.angabrasives.com\/wp-content\/uploads\/2025\/04\/Crushed-Glass-1-e16353433853161-100x100.jpg",100,100,true]},"uagb_author_info":{"display_name":"jinxing6611@gmail.com","author_link":"https:\/\/www.angabrasives.com\/es\/author\/"},"uagb_comment_info":0,"uagb_excerpt":"Crushed glass is a general-purpose abrasive that can be used in a variety of applications. Crushed glass is manufactured from 100% recycled glass. It is ideal for general cleaning, restoration work, and rust and scale removal. The angular shape cleans surfaces and provides a uniform mil profile with low particle embedment. Crushed glass can also&hellip;","_links":{"self":[{"href":"https:\/\/www.angabrasives.com\/es\/wp-json\/wp\/v2\/product\/2163","targetHints":{"allow":["GET"]}}],"collection":[{"href":"https:\/\/www.angabrasives.com\/es\/wp-json\/wp\/v2\/product"}],"about":[{"href":"https:\/\/www.angabrasives.com\/es\/wp-json\/wp\/v2\/types\/product"}],"wp:featuredmedia":[{"embeddable":true,"href":"https:\/\/www.angabrasives.com\/es\/wp-json\/wp\/v2\/media\/2164"}],"wp:attachment":[{"href":"https:\/\/www.angabrasives.com\/es\/wp-json\/wp\/v2\/media?parent=2163"}],"wp:term":[{"taxonomy":"product_brand","embeddable":true,"href":"https:\/\/www.angabrasives.com\/es\/wp-json\/wp\/v2\/product_brand?post=2163"},{"taxonomy":"product_cat","embeddable":true,"href":"https:\/\/www.angabrasives.com\/es\/wp-json\/wp\/v2\/product_cat?post=2163"},{"taxonomy":"product_tag","embeddable":true,"href":"https:\/\/www.angabrasives.com\/es\/wp-json\/wp\/v2\/product_tag?post=2163"}],"curies":[{"name":"wp","href":"https:\/\/api.w.org\/{rel}","templated":true}]}}