{"id":2159,"date":"2025-04-02T08:27:56","date_gmt":"2025-04-02T08:27:56","guid":{"rendered":"https:\/\/www.angabrasives.com\/?post_type=product&#038;p=2159"},"modified":"2025-04-08T05:56:48","modified_gmt":"2025-04-08T05:56:48","slug":"cut-wire-blast-media","status":"publish","type":"product","link":"https:\/\/www.angabrasives.com\/es\/producto\/cut-wire-blast-media\/","title":{"rendered":"Granalla de alambre cortada"},"content":{"rendered":"<p>ANG Abrasives dispone de varios tipos de abrasivos de alambre cortado que se adaptan a las necesidades de su aplicaci\u00f3n.<\/p>\n<p>El alambre cortado se crea tomando alambre de un di\u00e1metro espec\u00edfico y cort\u00e1ndolo en longitudes espec\u00edficas. Las longitudes suelen tener la misma dimensi\u00f3n que el di\u00e1metro del alambre. Debido a este proceso medido, el alambre cortado no tiene un rango en su tama\u00f1o, es de tama\u00f1o consistente proporcionando resultados consistentes.<\/p>\n<p>El alambre cortado se clasifica por tama\u00f1o y composici\u00f3n met\u00e1lica. El alambre cortado tambi\u00e9n est\u00e1 disponible \"cortado\" o \"acondicionado\".<\/p>\n<h3 class=\"fusion-responsive-typography-calculated\" data-fontsize=\"24\" data-lineheight=\"28.8px\">Alambre cortado de acero inoxidable<\/h3>\n<p>El alambre de corte de acero inoxidable es imprescindible para operaciones de limpieza o peening en las que no se puede tolerar la contaminaci\u00f3n f\u00e9rrica.<\/p>\n<p>El alambre cortado de acero inoxidable se fabrica siguiendo especificaciones r\u00edgidas. El alambre se corta a la misma longitud que su di\u00e1metro produciendo una pieza de granalla s\u00f3lida y duradera.<\/p>\n<p>El alambre cortado de acero inoxidable est\u00e1 disponible \"tal cual\" o acondicionado.<\/p>\n<h3 class=\"fusion-responsive-typography-calculated\" data-fontsize=\"24\" data-lineheight=\"28.8px\"><strong>Alambre cortado al carbono<\/strong><\/h3>\n<p>El alambre cortado al carbono es una opci\u00f3n excelente para aplicaciones de granallado cuando la fractura y la divisi\u00f3n de la granalla de acero fundido es un problema. El alambre cortado al carbono no se fractura ni se parte, sino que se deslamina a medida que se desgasta, lo que permite que su forma siga siendo esf\u00e9rica.<\/p>\n<h3 class=\"fusion-responsive-typography-calculated\" data-fontsize=\"24\" data-lineheight=\"28.8px\"><strong>Alambre cortado de zinc<\/strong><\/h3>\n<p>El alambre de corte de zinc es el abrasivo de elecci\u00f3n cuando los da\u00f1os y la contaminaci\u00f3n f\u00e9rrica de los abrasivos de acero convencionales son motivo de preocupaci\u00f3n. El alambre de corte de zinc est\u00e1 fabricado con 99% + alambre de zinc de alta calidad. Es un producto ideal para la limpieza de accesorios o el decapado de ganchos de pintura.<\/p>\n<p>El alambre de corte de zinc es un abrasivo blando no ferroso capaz de eliminar diversos revestimientos, eliminar rebabas de piezas de fundici\u00f3n a presi\u00f3n de aluminio y magnesio o simplemente producir un acabado brillante y uniforme en cualquier metal.<\/p>\n<h3 class=\"fusion-responsive-typography-calculated\" data-fontsize=\"24\" data-lineheight=\"28.8px\"><strong>Otros medios de alambre cortado disponibles<\/strong><\/h3>\n<ul>\n<li>Alambre de corte de acero inoxidable con bajo contenido en n\u00edquel<\/li>\n<li>Alambre de corte de aluminio<\/li>\n<li>Alambre cortado especial (como ciertas aleaciones inoxidables o incluso cobre)<\/li>\n<\/ul>\n<p>Los abrasivos de alambre cortado se utilizan sobre todo en aplicaciones de granallado por turbina, pero tambi\u00e9n pueden utilizarse en el granallado por aire. Al igual que con otros abrasivos met\u00e1licos, el sistema de granallado debe ser capaz de transportar el material pesado.<\/p>\n<h4 class=\"fusion-responsive-typography-calculated\" data-fontsize=\"20\" data-lineheight=\"24px\">Ventajas del alambre cortado<\/h4>\n<ul>\n<li>Mayor duraci\u00f3n que los abrasivos fundidos<\/li>\n<li>Sin huecos, divisiones ni gemelos<\/li>\n<li>Mantiene el tama\u00f1o y la forma durante m\u00e1s tiempo que los abrasivos fundidos<\/li>\n<li>Produce superficies sin polvo<\/li>\n<\/ul>","protected":false},"excerpt":{"rendered":"<p>ANG Abrasives dispone de varios tipos de abrasivos de alambre cortado que se adaptan a las necesidades de su aplicaci\u00f3n.<\/p>\n<p>El alambre cortado se crea tomando alambre de un di\u00e1metro espec\u00edfico y cort\u00e1ndolo en longitudes espec\u00edficas. Las longitudes suelen tener la misma dimensi\u00f3n que el di\u00e1metro del alambre. Debido a este proceso medido, el alambre cortado no tiene un rango en su tama\u00f1o, es de tama\u00f1o consistente proporcionando resultados consistentes.<\/p>\n<p>El alambre cortado se clasifica por tama\u00f1o y composici\u00f3n met\u00e1lica. El alambre cortado tambi\u00e9n est\u00e1 disponible \"cortado\" o \"acondicionado\".<\/p>\n<h3 class=\"fusion-responsive-typography-calculated\" data-fontsize=\"24\" data-lineheight=\"28.8px\">Alambre cortado de acero inoxidable<\/h3>\n<p>El alambre de corte de acero inoxidable es imprescindible para operaciones de limpieza o peening en las que no se puede tolerar la contaminaci\u00f3n f\u00e9rrica.<\/p>\n<p>El alambre cortado de acero inoxidable se fabrica siguiendo especificaciones r\u00edgidas. El alambre se corta a la misma longitud que su di\u00e1metro produciendo una pieza de granalla s\u00f3lida y duradera.<\/p>\n<p>El alambre cortado de acero inoxidable est\u00e1 disponible \"tal cual\" o acondicionado.<\/p>\n<h3 class=\"fusion-responsive-typography-calculated\" data-fontsize=\"24\" data-lineheight=\"28.8px\"><strong>Alambre cortado al carbono<\/strong><\/h3>\n<p>El alambre cortado al carbono es una opci\u00f3n excelente para aplicaciones de granallado cuando la fractura y la divisi\u00f3n de la granalla de acero fundido es un problema. El alambre cortado al carbono no se fractura ni se parte, sino que se deslamina a medida que se desgasta, lo que permite que su forma siga siendo esf\u00e9rica.<\/p>\n<h3 class=\"fusion-responsive-typography-calculated\" data-fontsize=\"24\" data-lineheight=\"28.8px\"><strong>Alambre cortado de zinc<\/strong><\/h3>\n<p>El alambre de corte de zinc es el abrasivo de elecci\u00f3n cuando los da\u00f1os y la contaminaci\u00f3n f\u00e9rrica de los abrasivos de acero convencionales son motivo de preocupaci\u00f3n. El alambre de corte de zinc est\u00e1 fabricado con 99% + alambre de zinc de alta calidad. Es un producto ideal para la limpieza de accesorios o el decapado de ganchos de pintura.<\/p>\n<p>El alambre de corte de zinc es un abrasivo blando no ferroso capaz de eliminar diversos revestimientos, eliminar rebabas de piezas de fundici\u00f3n a presi\u00f3n de aluminio y magnesio o simplemente producir un acabado brillante y uniforme en cualquier metal.<\/p>\n<h3 class=\"fusion-responsive-typography-calculated\" data-fontsize=\"24\" data-lineheight=\"28.8px\"><strong>Otros medios de alambre cortado disponibles<\/strong><\/h3>\n<ul>\n<li>Alambre de corte de acero inoxidable con bajo contenido en n\u00edquel<\/li>\n<li>Alambre de corte de aluminio<\/li>\n<li>Alambre cortado especial (como ciertas aleaciones inoxidables o incluso cobre)<\/li>\n<\/ul>\n<p>Los abrasivos de alambre cortado se utilizan sobre todo en aplicaciones de granallado por turbina, pero tambi\u00e9n pueden utilizarse en el granallado por aire. Al igual que con otros abrasivos met\u00e1licos, el sistema de granallado debe ser capaz de transportar el material pesado.<\/p>\n<h4 class=\"fusion-responsive-typography-calculated\" data-fontsize=\"20\" data-lineheight=\"24px\">Ventajas del alambre cortado<\/h4>\n<ul>\n<li>Mayor duraci\u00f3n que los abrasivos fundidos<\/li>\n<li>Sin huecos, divisiones ni gemelos<\/li>\n<li>Mantiene el tama\u00f1o y la forma durante m\u00e1s tiempo que los abrasivos fundidos<\/li>\n<li>Produce superficies sin polvo<\/li>\n<\/ul>","protected":false},"featured_media":2160,"template":"","meta":{"_uag_custom_page_level_css":"","site-sidebar-layout":"default","site-content-layout":"","ast-site-content-layout":"default","site-content-style":"default","site-sidebar-style":"default","ast-global-header-display":"","ast-banner-title-visibility":"","ast-main-header-display":"","ast-hfb-above-header-display":"","ast-hfb-below-header-display":"","ast-hfb-mobile-header-display":"","site-post-title":"","ast-breadcrumbs-content":"","ast-featured-img":"","footer-sml-layout":"","ast-disable-related-posts":"","theme-transparent-header-meta":"default","adv-header-id-meta":"","stick-header-meta":"default","header-above-stick-meta":"","header-main-stick-meta":"","header-below-stick-meta":"","astra-migrate-meta-layouts":"set","ast-page-background-enabled":"default","ast-page-background-meta":{"desktop":{"background-color":"","background-image":"","background-repeat":"repeat","background-position":"center center","background-size":"auto","background-attachment":"scroll","background-type":"","background-media":"","overlay-type":"","overlay-color":"","overlay-opacity":"","overlay-gradient":""},"tablet":{"background-color":"","background-image":"","background-repeat":"repeat","background-position":"center center","background-size":"auto","background-attachment":"scroll","background-type":"","background-media":"","overlay-type":"","overlay-color":"","overlay-opacity":"","overlay-gradient":""},"mobile":{"background-color":"","background-image":"","background-repeat":"repeat","background-position":"center center","background-size":"auto","background-attachment":"scroll","background-type":"","background-media":"","overlay-type":"","overlay-color":"","overlay-opacity":"","overlay-gradient":""}},"ast-content-background-meta":{"desktop":{"background-color":"var(--ast-global-color-5)","background-image":"","background-repeat":"repeat","background-position":"center center","background-size":"auto","background-attachment":"scroll","background-type":"","background-media":"","overlay-type":"","overlay-color":"","overlay-opacity":"","overlay-gradient":""},"tablet":{"background-color":"var(--ast-global-color-5)","background-image":"","background-repeat":"repeat","background-position":"center center","background-size":"auto","background-attachment":"scroll","background-type":"","background-media":"","overlay-type":"","overlay-color":"","overlay-opacity":"","overlay-gradient":""},"mobile":{"background-color":"var(--ast-global-color-5)","background-image":"","background-repeat":"repeat","background-position":"center center","background-size":"auto","background-attachment":"scroll","background-type":"","background-media":"","overlay-type":"","overlay-color":"","overlay-opacity":"","overlay-gradient":""}}},"product_brand":[],"product_cat":[43,29],"product_tag":[],"class_list":{"0":"post-2159","1":"product","2":"type-product","3":"status-publish","4":"has-post-thumbnail","6":"product_cat-abrasives","7":"product_cat-cutwire","8":"desktop-align-left","9":"tablet-align-left","10":"mobile-align-left","11":"ast-product-gallery-layout-horizontal-slider","13":"first","14":"instock","15":"shipping-taxable","16":"product-type-simple"},"uagb_featured_image_src":{"full":["https:\/\/www.angabrasives.com\/wp-content\/uploads\/2025\/04\/Cut-Wire-2-e16342194871661.jpg",725,407,false],"thumbnail":["https:\/\/www.angabrasives.com\/wp-content\/uploads\/2025\/04\/Cut-Wire-2-e16342194871661-150x150.jpg",150,150,true],"medium":["https:\/\/www.angabrasives.com\/wp-content\/uploads\/2025\/04\/Cut-Wire-2-e16342194871661-300x168.jpg",300,168,true],"medium_large":["https:\/\/www.angabrasives.com\/wp-content\/uploads\/2025\/04\/Cut-Wire-2-e16342194871661.jpg",725,407,false],"large":["https:\/\/www.angabrasives.com\/wp-content\/uploads\/2025\/04\/Cut-Wire-2-e16342194871661.jpg",725,407,false],"1536x1536":["https:\/\/www.angabrasives.com\/wp-content\/uploads\/2025\/04\/Cut-Wire-2-e16342194871661.jpg",725,407,false],"2048x2048":["https:\/\/www.angabrasives.com\/wp-content\/uploads\/2025\/04\/Cut-Wire-2-e16342194871661.jpg",725,407,false],"trp-custom-language-flag":["https:\/\/www.angabrasives.com\/wp-content\/uploads\/2025\/04\/Cut-Wire-2-e16342194871661-18x10.jpg",18,10,true],"woocommerce_thumbnail":["https:\/\/www.angabrasives.com\/wp-content\/uploads\/2025\/04\/Cut-Wire-2-e16342194871661-300x300.jpg",300,300,true],"woocommerce_single":["https:\/\/www.angabrasives.com\/wp-content\/uploads\/2025\/04\/Cut-Wire-2-e16342194871661-600x337.jpg",600,337,true],"woocommerce_gallery_thumbnail":["https:\/\/www.angabrasives.com\/wp-content\/uploads\/2025\/04\/Cut-Wire-2-e16342194871661-100x100.jpg",100,100,true]},"uagb_author_info":{"display_name":"jinxing6611@gmail.com","author_link":"https:\/\/www.angabrasives.com\/es\/author\/"},"uagb_comment_info":0,"uagb_excerpt":"ANG Abrasives has several types of cut wire abrasives available to fit your application\u2019s needs. Cut wire is created by taking wire of a specific diameter and cutting it into specific lengths. The lengths are usually the same dimension as the diameter of the wire. Because of this measured out process, cut wire does not&hellip;","_links":{"self":[{"href":"https:\/\/www.angabrasives.com\/es\/wp-json\/wp\/v2\/product\/2159","targetHints":{"allow":["GET"]}}],"collection":[{"href":"https:\/\/www.angabrasives.com\/es\/wp-json\/wp\/v2\/product"}],"about":[{"href":"https:\/\/www.angabrasives.com\/es\/wp-json\/wp\/v2\/types\/product"}],"wp:featuredmedia":[{"embeddable":true,"href":"https:\/\/www.angabrasives.com\/es\/wp-json\/wp\/v2\/media\/2160"}],"wp:attachment":[{"href":"https:\/\/www.angabrasives.com\/es\/wp-json\/wp\/v2\/media?parent=2159"}],"wp:term":[{"taxonomy":"product_brand","embeddable":true,"href":"https:\/\/www.angabrasives.com\/es\/wp-json\/wp\/v2\/product_brand?post=2159"},{"taxonomy":"product_cat","embeddable":true,"href":"https:\/\/www.angabrasives.com\/es\/wp-json\/wp\/v2\/product_cat?post=2159"},{"taxonomy":"product_tag","embeddable":true,"href":"https:\/\/www.angabrasives.com\/es\/wp-json\/wp\/v2\/product_tag?post=2159"}],"curies":[{"name":"wp","href":"https:\/\/api.w.org\/{rel}","templated":true}]}}