{"id":2154,"date":"2025-04-02T08:24:37","date_gmt":"2025-04-02T08:24:37","guid":{"rendered":"https:\/\/www.angabrasives.com\/?post_type=product&#038;p=2154"},"modified":"2025-04-07T07:25:36","modified_gmt":"2025-04-07T07:25:36","slug":"garnet-grit-blast-media","status":"publish","type":"product","link":"https:\/\/www.angabrasives.com\/es\/producto\/garnet-grit-blast-media\/","title":{"rendered":"Granate Granalla Granalla"},"content":{"rendered":"<p>El granate es un abrasivo mineral natural que se utiliza en diversas aplicaciones de granallado y corte por chorro de agua. Tiene un grano de forma angular y una alta densidad aparente, lo que lo convierte en un abrasivo muy agresivo con relativamente poco polvo. El granate tiene capacidad de corte para llegar al sustrato, eliminando la corrosi\u00f3n o los revestimientos. Puede conseguir acabados de perfil mil para la mayor\u00eda de las aplicaciones de revestimiento.<\/p>\n<p>El granate es ideal para su uso en materiales ferrosos y no ferrosos. Otros tipos de medios pueden presentar problemas de contaminaci\u00f3n cruzada en aluminio y acero inoxidable.<\/p>\n<h3 class=\"fusion-responsive-typography-calculated\" data-fontsize=\"24\" data-lineheight=\"28.8px\"><strong>Grano de granate Aplicaciones abrasivas:<\/strong><\/h3>\n<ul>\n<li>Corte por chorro de agua<\/li>\n<li>Perfil<\/li>\n<li>Limpieza<\/li>\n<li>Eliminaci\u00f3n de pintura, corrosi\u00f3n, \u00f3xido e incrustaciones<\/li>\n<\/ul>\n<h3 class=\"fusion-responsive-typography-calculated\" data-fontsize=\"24\" data-lineheight=\"28.8px\"><strong>Caracter\u00edsticas f\u00edsicas:<\/strong><\/h3>\n<ul>\n<li>Forma angular<\/li>\n<li>Abrasivos duros, aprox. 7 - 8 dureza Mohs<\/li>\n<li>Alta densidad aparente de 140 - 150 libras por pie c\u00fabico<\/li>\n<li>Inerte para el medio ambiente<\/li>\n<li>No contiene berilio ni metales pesados<\/li>\n<\/ul>","protected":false},"excerpt":{"rendered":"<p>El granate es un abrasivo mineral natural que se utiliza en diversas aplicaciones de granallado y corte por chorro de agua. Tiene un grano de forma angular y una alta densidad aparente, lo que lo convierte en un abrasivo muy agresivo con relativamente poco polvo. El granate tiene capacidad de corte para llegar al sustrato, eliminando la corrosi\u00f3n o los revestimientos. Puede conseguir acabados de perfil mil para la mayor\u00eda de las aplicaciones de revestimiento.<\/p>\n<p>El granate es ideal para su uso en materiales ferrosos y no ferrosos. Otros tipos de medios pueden presentar problemas de contaminaci\u00f3n cruzada en aluminio y acero inoxidable.<\/p>\n<h3 class=\"fusion-responsive-typography-calculated\" data-fontsize=\"24\" data-lineheight=\"28.8px\"><strong>Grano de granate Aplicaciones abrasivas:<\/strong><\/h3>\n<ul>\n<li>Corte por chorro de agua<\/li>\n<li>Perfil<\/li>\n<li>Limpieza<\/li>\n<li>Eliminaci\u00f3n de pintura, corrosi\u00f3n, \u00f3xido e incrustaciones<\/li>\n<\/ul>\n<h3 class=\"fusion-responsive-typography-calculated\" data-fontsize=\"24\" data-lineheight=\"28.8px\"><strong>Caracter\u00edsticas f\u00edsicas:<\/strong><\/h3>\n<ul>\n<li>Forma angular<\/li>\n<li>Abrasivos duros, aprox. 7 - 8 dureza Mohs<\/li>\n<li>Alta densidad aparente de 140 - 150 libras por pie c\u00fabico<\/li>\n<li>Inerte para el medio ambiente<\/li>\n<li>No contiene berilio ni metales pesados<\/li>\n<\/ul>","protected":false},"featured_media":2155,"template":"","meta":{"_uag_custom_page_level_css":"","site-sidebar-layout":"default","site-content-layout":"","ast-site-content-layout":"default","site-content-style":"default","site-sidebar-style":"default","ast-global-header-display":"","ast-banner-title-visibility":"","ast-main-header-display":"","ast-hfb-above-header-display":"","ast-hfb-below-header-display":"","ast-hfb-mobile-header-display":"","site-post-title":"","ast-breadcrumbs-content":"","ast-featured-img":"","footer-sml-layout":"","ast-disable-related-posts":"","theme-transparent-header-meta":"default","adv-header-id-meta":"","stick-header-meta":"default","header-above-stick-meta":"","header-main-stick-meta":"","header-below-stick-meta":"","astra-migrate-meta-layouts":"set","ast-page-background-enabled":"default","ast-page-background-meta":{"desktop":{"background-color":"","background-image":"","background-repeat":"repeat","background-position":"center center","background-size":"auto","background-attachment":"scroll","background-type":"","background-media":"","overlay-type":"","overlay-color":"","overlay-opacity":"","overlay-gradient":""},"tablet":{"background-color":"","background-image":"","background-repeat":"repeat","background-position":"center center","background-size":"auto","background-attachment":"scroll","background-type":"","background-media":"","overlay-type":"","overlay-color":"","overlay-opacity":"","overlay-gradient":""},"mobile":{"background-color":"","background-image":"","background-repeat":"repeat","background-position":"center center","background-size":"auto","background-attachment":"scroll","background-type":"","background-media":"","overlay-type":"","overlay-color":"","overlay-opacity":"","overlay-gradient":""}},"ast-content-background-meta":{"desktop":{"background-color":"var(--ast-global-color-5)","background-image":"","background-repeat":"repeat","background-position":"center center","background-size":"auto","background-attachment":"scroll","background-type":"","background-media":"","overlay-type":"","overlay-color":"","overlay-opacity":"","overlay-gradient":""},"tablet":{"background-color":"var(--ast-global-color-5)","background-image":"","background-repeat":"repeat","background-position":"center center","background-size":"auto","background-attachment":"scroll","background-type":"","background-media":"","overlay-type":"","overlay-color":"","overlay-opacity":"","overlay-gradient":""},"mobile":{"background-color":"var(--ast-global-color-5)","background-image":"","background-repeat":"repeat","background-position":"center center","background-size":"auto","background-attachment":"scroll","background-type":"","background-media":"","overlay-type":"","overlay-color":"","overlay-opacity":"","overlay-gradient":""}}},"product_brand":[],"product_cat":[43,36],"product_tag":[],"class_list":{"0":"post-2154","1":"product","2":"type-product","3":"status-publish","4":"has-post-thumbnail","6":"product_cat-abrasives","7":"product_cat-garnet","8":"desktop-align-left","9":"tablet-align-left","10":"mobile-align-left","11":"ast-product-gallery-layout-horizontal-slider","13":"first","14":"instock","15":"shipping-taxable","16":"product-type-simple"},"uagb_featured_image_src":{"full":["https:\/\/www.angabrasives.com\/wp-content\/uploads\/2025\/04\/Garnet-1-e16353435066091.jpg",725,407,false],"thumbnail":["https:\/\/www.angabrasives.com\/wp-content\/uploads\/2025\/04\/Garnet-1-e16353435066091-150x150.jpg",150,150,true],"medium":["https:\/\/www.angabrasives.com\/wp-content\/uploads\/2025\/04\/Garnet-1-e16353435066091-300x168.jpg",300,168,true],"medium_large":["https:\/\/www.angabrasives.com\/wp-content\/uploads\/2025\/04\/Garnet-1-e16353435066091.jpg",725,407,false],"large":["https:\/\/www.angabrasives.com\/wp-content\/uploads\/2025\/04\/Garnet-1-e16353435066091.jpg",725,407,false],"1536x1536":["https:\/\/www.angabrasives.com\/wp-content\/uploads\/2025\/04\/Garnet-1-e16353435066091.jpg",725,407,false],"2048x2048":["https:\/\/www.angabrasives.com\/wp-content\/uploads\/2025\/04\/Garnet-1-e16353435066091.jpg",725,407,false],"trp-custom-language-flag":["https:\/\/www.angabrasives.com\/wp-content\/uploads\/2025\/04\/Garnet-1-e16353435066091-18x10.jpg",18,10,true],"woocommerce_thumbnail":["https:\/\/www.angabrasives.com\/wp-content\/uploads\/2025\/04\/Garnet-1-e16353435066091-300x300.jpg",300,300,true],"woocommerce_single":["https:\/\/www.angabrasives.com\/wp-content\/uploads\/2025\/04\/Garnet-1-e16353435066091-600x337.jpg",600,337,true],"woocommerce_gallery_thumbnail":["https:\/\/www.angabrasives.com\/wp-content\/uploads\/2025\/04\/Garnet-1-e16353435066091-100x100.jpg",100,100,true]},"uagb_author_info":{"display_name":"jinxing6611@gmail.com","author_link":"https:\/\/www.angabrasives.com\/es\/author\/"},"uagb_comment_info":0,"uagb_excerpt":"Garnet is a natural mineral abrasive used in a variety of blasting applications and for waterjet cutting. It has an angular-shaped grain and high bulk density which makes it a very aggressive abrasive with relatively low dust. Garnet has the cutting ability to reach the substrate, removing corrosion or coatings. It can achieve mil profile&hellip;","_links":{"self":[{"href":"https:\/\/www.angabrasives.com\/es\/wp-json\/wp\/v2\/product\/2154","targetHints":{"allow":["GET"]}}],"collection":[{"href":"https:\/\/www.angabrasives.com\/es\/wp-json\/wp\/v2\/product"}],"about":[{"href":"https:\/\/www.angabrasives.com\/es\/wp-json\/wp\/v2\/types\/product"}],"wp:featuredmedia":[{"embeddable":true,"href":"https:\/\/www.angabrasives.com\/es\/wp-json\/wp\/v2\/media\/2155"}],"wp:attachment":[{"href":"https:\/\/www.angabrasives.com\/es\/wp-json\/wp\/v2\/media?parent=2154"}],"wp:term":[{"taxonomy":"product_brand","embeddable":true,"href":"https:\/\/www.angabrasives.com\/es\/wp-json\/wp\/v2\/product_brand?post=2154"},{"taxonomy":"product_cat","embeddable":true,"href":"https:\/\/www.angabrasives.com\/es\/wp-json\/wp\/v2\/product_cat?post=2154"},{"taxonomy":"product_tag","embeddable":true,"href":"https:\/\/www.angabrasives.com\/es\/wp-json\/wp\/v2\/product_tag?post=2154"}],"curies":[{"name":"wp","href":"https:\/\/api.w.org\/{rel}","templated":true}]}}