{"id":76,"date":"2025-03-17T13:05:19","date_gmt":"2025-03-17T13:05:19","guid":{"rendered":"http:\/\/angabrasives.com\/product\/mini-san-pedro-cactus\/"},"modified":"2025-04-07T07:27:52","modified_gmt":"2025-04-07T07:27:52","slug":"mini-san-pedro-cactus","status":"publish","type":"product","link":"https:\/\/www.angabrasives.com\/de\/produkt\/mini-san-pedro-cactus\/","title":{"rendered":"Walnussschalen-Strahlmittel"},"content":{"rendered":"<p>Walnussschale ist ein leichtes, kantiges Schleifmittel. Walnussschalen werden meist zum Polieren oder Reinigen einer Oberfl\u00e4che verwendet. Sie eignet sich f\u00fcr weiche Substrate wie Aluminium, Holz, Kunststoff und Verbundwerkstoffe. Walnussschalen k\u00f6nnen bei einigen Anwendungen anstelle von Kunststoffmedien verwendet werden. Aufgrund ihrer Br\u00fcchigkeit zersetzen sich Medien aus Walnussschalen, die im Inneren des Teils verbleiben, in der Regel mit minimaler Besch\u00e4digung. Walnussschalen eignen sich gut zum Strahlen von Bauteilen, die f\u00fcr die Reinigung von Lebensmittelzubereitungsanlagen verwendet werden.<\/p>\n<p>Walnussschalen-Schleifmittel Anwendungen:<br \/>\nBrand- oder Rauchsanierung<br \/>\nEntfernen von Farbe oder eingebrannten Kohlenstoffablagerungen von Eisenmetallen<br \/>\nZiegelsanierung oder Graffitientfernung<br \/>\nAbisolieren, Entgraten oder Reinigen von weichen Substraten<br \/>\nStrahlen zur Entfernung sehr leichter Verunreinigungen<br \/>\nPolieren in der Serienfertigung<\/p>","protected":false},"excerpt":{"rendered":"<p>Walnussschale ist ein leichtes, kantiges Schleifmittel. Walnussschalen werden meist zum Polieren oder Reinigen einer Oberfl\u00e4che verwendet. Sie eignet sich f\u00fcr weiche Substrate wie Aluminium, Holz, Kunststoff und Verbundwerkstoffe. Walnussschalen k\u00f6nnen bei einigen Anwendungen anstelle von Kunststoffmedien verwendet werden. Aufgrund ihrer Br\u00fcchigkeit zersetzen sich Medien aus Walnussschalen, die im Inneren des Teils verbleiben, in der Regel mit minimaler Besch\u00e4digung. Walnussschalen eignen sich gut zum Strahlen von Bauteilen, die f\u00fcr die Reinigung von Lebensmittelzubereitungsanlagen verwendet werden.<\/p>\n<h3 class=\"fusion-responsive-typography-calculated\" data-fontsize=\"24\" data-lineheight=\"28.8px\"><strong>Walnussschalen-Schleifmittel Anwendungen:<\/strong><\/h3>\n<ul>\n<li>Brand- oder Rauchsanierung<\/li>\n<li>Entfernen von Farbe oder eingebrannten Kohlenstoffablagerungen von Eisenmetallen<\/li>\n<li>Ziegelsanierung oder Graffitientfernung<\/li>\n<li>Abisolieren, Entgraten oder Reinigen von weichen Substraten<\/li>\n<li>Strahlen zur Entfernung sehr leichter Verunreinigungen<\/li>\n<li>Polieren in der Serienfertigung<\/li>\n<\/ul>","protected":false},"featured_media":2091,"template":"","meta":{"_uag_custom_page_level_css":"","site-sidebar-layout":"default","site-content-layout":"default","ast-site-content-layout":"default","site-content-style":"default","site-sidebar-style":"default","ast-global-header-display":"","ast-banner-title-visibility":"","ast-main-header-display":"","ast-hfb-above-header-display":"","ast-hfb-below-header-display":"","ast-hfb-mobile-header-display":"","site-post-title":"","ast-breadcrumbs-content":"","ast-featured-img":"","footer-sml-layout":"","ast-disable-related-posts":"","theme-transparent-header-meta":"default","adv-header-id-meta":"","stick-header-meta":"default","header-above-stick-meta":"","header-main-stick-meta":"","header-below-stick-meta":"","astra-migrate-meta-layouts":"set","ast-page-background-enabled":"default","ast-page-background-meta":{"desktop":{"background-color":"","background-image":"","background-repeat":"repeat","background-position":"center center","background-size":"auto","background-attachment":"scroll","background-type":"","background-media":"","overlay-type":"","overlay-color":"","overlay-opacity":"","overlay-gradient":""},"tablet":{"background-color":"","background-image":"","background-repeat":"repeat","background-position":"center center","background-size":"auto","background-attachment":"scroll","background-type":"","background-media":"","overlay-type":"","overlay-color":"","overlay-opacity":"","overlay-gradient":""},"mobile":{"background-color":"","background-image":"","background-repeat":"repeat","background-position":"center center","background-size":"auto","background-attachment":"scroll","background-type":"","background-media":"","overlay-type":"","overlay-color":"","overlay-opacity":"","overlay-gradient":""}},"ast-content-background-meta":{"desktop":{"background-color":"var(--ast-global-color-5)","background-image":"","background-repeat":"repeat","background-position":"center center","background-size":"auto","background-attachment":"scroll","background-type":"","background-media":"","overlay-type":"","overlay-color":"","overlay-opacity":"","overlay-gradient":""},"tablet":{"background-color":"var(--ast-global-color-5)","background-image":"","background-repeat":"repeat","background-position":"center center","background-size":"auto","background-attachment":"scroll","background-type":"","background-media":"","overlay-type":"","overlay-color":"","overlay-opacity":"","overlay-gradient":""},"mobile":{"background-color":"var(--ast-global-color-5)","background-image":"","background-repeat":"repeat","background-position":"center center","background-size":"auto","background-attachment":"scroll","background-type":"","background-media":"","overlay-type":"","overlay-color":"","overlay-opacity":"","overlay-gradient":""}}},"product_brand":[],"product_cat":[43,41],"product_tag":[],"class_list":{"0":"post-76","1":"product","2":"type-product","3":"status-publish","4":"has-post-thumbnail","6":"product_cat-abrasives","7":"product_cat-walnut","8":"desktop-align-left","9":"tablet-align-left","10":"mobile-align-left","11":"ast-product-gallery-layout-horizontal-slider","13":"first","14":"instock","15":"shipping-taxable","16":"product-type-simple"},"uagb_featured_image_src":{"full":["https:\/\/www.angabrasives.com\/wp-content\/uploads\/2025\/03\/Walnut-Shell-1-e16353440925141.jpg",725,407,false],"thumbnail":["https:\/\/www.angabrasives.com\/wp-content\/uploads\/2025\/03\/Walnut-Shell-1-e16353440925141-150x150.jpg",150,150,true],"medium":["https:\/\/www.angabrasives.com\/wp-content\/uploads\/2025\/03\/Walnut-Shell-1-e16353440925141-300x168.jpg",300,168,true],"medium_large":["https:\/\/www.angabrasives.com\/wp-content\/uploads\/2025\/03\/Walnut-Shell-1-e16353440925141.jpg",725,407,false],"large":["https:\/\/www.angabrasives.com\/wp-content\/uploads\/2025\/03\/Walnut-Shell-1-e16353440925141.jpg",725,407,false],"1536x1536":["https:\/\/www.angabrasives.com\/wp-content\/uploads\/2025\/03\/Walnut-Shell-1-e16353440925141.jpg",725,407,false],"2048x2048":["https:\/\/www.angabrasives.com\/wp-content\/uploads\/2025\/03\/Walnut-Shell-1-e16353440925141.jpg",725,407,false],"trp-custom-language-flag":["https:\/\/www.angabrasives.com\/wp-content\/uploads\/2025\/03\/Walnut-Shell-1-e16353440925141-18x10.jpg",18,10,true],"woocommerce_thumbnail":["https:\/\/www.angabrasives.com\/wp-content\/uploads\/2025\/03\/Walnut-Shell-1-e16353440925141-300x300.jpg",300,300,true],"woocommerce_single":["https:\/\/www.angabrasives.com\/wp-content\/uploads\/2025\/03\/Walnut-Shell-1-e16353440925141-600x337.jpg",600,337,true],"woocommerce_gallery_thumbnail":["https:\/\/www.angabrasives.com\/wp-content\/uploads\/2025\/03\/Walnut-Shell-1-e16353440925141-100x100.jpg",100,100,true]},"uagb_author_info":{"display_name":"jinxing6611@gmail.com","author_link":"https:\/\/www.angabrasives.com\/de\/author\/"},"uagb_comment_info":0,"uagb_excerpt":"Walnut shell is a lightweight, angular abrasive. Walnut shell is most commonly used to polish or clean a surface. It is suitable to use on soft substrates like aluminum, wood, plastic, and composites. Walnut shell could be used in place of plastic media in some applications. Due to its friability, any walnut shell media left&hellip;","_links":{"self":[{"href":"https:\/\/www.angabrasives.com\/de\/wp-json\/wp\/v2\/product\/76","targetHints":{"allow":["GET"]}}],"collection":[{"href":"https:\/\/www.angabrasives.com\/de\/wp-json\/wp\/v2\/product"}],"about":[{"href":"https:\/\/www.angabrasives.com\/de\/wp-json\/wp\/v2\/types\/product"}],"wp:featuredmedia":[{"embeddable":true,"href":"https:\/\/www.angabrasives.com\/de\/wp-json\/wp\/v2\/media\/2091"}],"wp:attachment":[{"href":"https:\/\/www.angabrasives.com\/de\/wp-json\/wp\/v2\/media?parent=76"}],"wp:term":[{"taxonomy":"product_brand","embeddable":true,"href":"https:\/\/www.angabrasives.com\/de\/wp-json\/wp\/v2\/product_brand?post=76"},{"taxonomy":"product_cat","embeddable":true,"href":"https:\/\/www.angabrasives.com\/de\/wp-json\/wp\/v2\/product_cat?post=76"},{"taxonomy":"product_tag","embeddable":true,"href":"https:\/\/www.angabrasives.com\/de\/wp-json\/wp\/v2\/product_tag?post=76"}],"curies":[{"name":"wp","href":"https:\/\/api.w.org\/{rel}","templated":true}]}}