{"id":2154,"date":"2025-04-02T08:24:37","date_gmt":"2025-04-02T08:24:37","guid":{"rendered":"https:\/\/www.angabrasives.com\/?post_type=product&#038;p=2154"},"modified":"2025-04-07T07:25:36","modified_gmt":"2025-04-07T07:25:36","slug":"garnet-grit-blast-media","status":"publish","type":"product","link":"https:\/\/www.angabrasives.com\/de\/produkt\/garnet-grit-blast-media\/","title":{"rendered":"Granatkorn-Strahlmittel"},"content":{"rendered":"<p>Granat ist ein nat\u00fcrliches mineralisches Strahlmittel, das in einer Vielzahl von Strahlanwendungen und beim Wasserstrahlschneiden eingesetzt wird. Es hat ein kantiges Korn und eine hohe Sch\u00fcttdichte, was es zu einem sehr aggressiven Strahlmittel mit relativ wenig Staub macht. Granat hat die F\u00e4higkeit, das Substrat zu schneiden und Korrosion oder Beschichtungen zu entfernen. Mit ihm lassen sich f\u00fcr die meisten Beschichtungsanwendungen mil-Profil-Oberfl\u00e4chen erzielen.<\/p>\n<p>Granat ist ideal f\u00fcr die Verwendung auf Eisen- und Nichteisenwerkstoffen. Andere Medientypen k\u00f6nnen auf Aluminium und Edelstahl Probleme mit Kreuzkontaminationen verursachen.<\/p>\n<h3 class=\"fusion-responsive-typography-calculated\" data-fontsize=\"24\" data-lineheight=\"28.8px\"><strong>Granatkorn-Schleifmittel Anwendungen:<\/strong><\/h3>\n<ul>\n<li>Wasserstrahlschneiden<\/li>\n<li>Profilierung<\/li>\n<li>Reinigung<\/li>\n<li>Entfernen von Farbe, Korrosion, Rost und Zunder<\/li>\n<\/ul>\n<h3 class=\"fusion-responsive-typography-calculated\" data-fontsize=\"24\" data-lineheight=\"28.8px\"><strong>Physikalische Merkmale:<\/strong><\/h3>\n<ul>\n<li>Eckige Form<\/li>\n<li>Harte Schleifmittel, ca. 7 - 8 Mohs-H\u00e4rte<\/li>\n<li>Hohe Sch\u00fcttdichte von 140 - 150 lbs. pro Kubikfu\u00df<\/li>\n<li>Umweltfreundlich inert<\/li>\n<li>Enth\u00e4lt weder Beryllium noch Schwermetalle<\/li>\n<\/ul>","protected":false},"excerpt":{"rendered":"<p>Granat ist ein nat\u00fcrliches mineralisches Strahlmittel, das in einer Vielzahl von Strahlanwendungen und beim Wasserstrahlschneiden eingesetzt wird. Es hat ein kantiges Korn und eine hohe Sch\u00fcttdichte, was es zu einem sehr aggressiven Strahlmittel mit relativ wenig Staub macht. Granat hat die F\u00e4higkeit, das Substrat zu schneiden und Korrosion oder Beschichtungen zu entfernen. Mit ihm lassen sich f\u00fcr die meisten Beschichtungsanwendungen mil-Profil-Oberfl\u00e4chen erzielen.<\/p>\n<p>Granat ist ideal f\u00fcr die Verwendung auf Eisen- und Nichteisenwerkstoffen. Andere Medientypen k\u00f6nnen auf Aluminium und Edelstahl Probleme mit Kreuzkontaminationen verursachen.<\/p>\n<h3 class=\"fusion-responsive-typography-calculated\" data-fontsize=\"24\" data-lineheight=\"28.8px\"><strong>Granatkorn-Schleifmittel Anwendungen:<\/strong><\/h3>\n<ul>\n<li>Wasserstrahlschneiden<\/li>\n<li>Profilierung<\/li>\n<li>Reinigung<\/li>\n<li>Entfernen von Farbe, Korrosion, Rost und Zunder<\/li>\n<\/ul>\n<h3 class=\"fusion-responsive-typography-calculated\" data-fontsize=\"24\" data-lineheight=\"28.8px\"><strong>Physikalische Merkmale:<\/strong><\/h3>\n<ul>\n<li>Eckige Form<\/li>\n<li>Harte Schleifmittel, ca. 7 - 8 Mohs-H\u00e4rte<\/li>\n<li>Hohe Sch\u00fcttdichte von 140 - 150 lbs. pro Kubikfu\u00df<\/li>\n<li>Umweltfreundlich inert<\/li>\n<li>Enth\u00e4lt weder Beryllium noch Schwermetalle<\/li>\n<\/ul>","protected":false},"featured_media":2155,"template":"","meta":{"_uag_custom_page_level_css":"","site-sidebar-layout":"default","site-content-layout":"","ast-site-content-layout":"default","site-content-style":"default","site-sidebar-style":"default","ast-global-header-display":"","ast-banner-title-visibility":"","ast-main-header-display":"","ast-hfb-above-header-display":"","ast-hfb-below-header-display":"","ast-hfb-mobile-header-display":"","site-post-title":"","ast-breadcrumbs-content":"","ast-featured-img":"","footer-sml-layout":"","ast-disable-related-posts":"","theme-transparent-header-meta":"default","adv-header-id-meta":"","stick-header-meta":"default","header-above-stick-meta":"","header-main-stick-meta":"","header-below-stick-meta":"","astra-migrate-meta-layouts":"set","ast-page-background-enabled":"default","ast-page-background-meta":{"desktop":{"background-color":"","background-image":"","background-repeat":"repeat","background-position":"center center","background-size":"auto","background-attachment":"scroll","background-type":"","background-media":"","overlay-type":"","overlay-color":"","overlay-opacity":"","overlay-gradient":""},"tablet":{"background-color":"","background-image":"","background-repeat":"repeat","background-position":"center center","background-size":"auto","background-attachment":"scroll","background-type":"","background-media":"","overlay-type":"","overlay-color":"","overlay-opacity":"","overlay-gradient":""},"mobile":{"background-color":"","background-image":"","background-repeat":"repeat","background-position":"center center","background-size":"auto","background-attachment":"scroll","background-type":"","background-media":"","overlay-type":"","overlay-color":"","overlay-opacity":"","overlay-gradient":""}},"ast-content-background-meta":{"desktop":{"background-color":"var(--ast-global-color-5)","background-image":"","background-repeat":"repeat","background-position":"center center","background-size":"auto","background-attachment":"scroll","background-type":"","background-media":"","overlay-type":"","overlay-color":"","overlay-opacity":"","overlay-gradient":""},"tablet":{"background-color":"var(--ast-global-color-5)","background-image":"","background-repeat":"repeat","background-position":"center center","background-size":"auto","background-attachment":"scroll","background-type":"","background-media":"","overlay-type":"","overlay-color":"","overlay-opacity":"","overlay-gradient":""},"mobile":{"background-color":"var(--ast-global-color-5)","background-image":"","background-repeat":"repeat","background-position":"center center","background-size":"auto","background-attachment":"scroll","background-type":"","background-media":"","overlay-type":"","overlay-color":"","overlay-opacity":"","overlay-gradient":""}}},"product_brand":[],"product_cat":[43,36],"product_tag":[],"class_list":{"0":"post-2154","1":"product","2":"type-product","3":"status-publish","4":"has-post-thumbnail","6":"product_cat-abrasives","7":"product_cat-garnet","8":"desktop-align-left","9":"tablet-align-left","10":"mobile-align-left","11":"ast-product-gallery-layout-horizontal-slider","13":"first","14":"instock","15":"shipping-taxable","16":"product-type-simple"},"uagb_featured_image_src":{"full":["https:\/\/www.angabrasives.com\/wp-content\/uploads\/2025\/04\/Garnet-1-e16353435066091.jpg",725,407,false],"thumbnail":["https:\/\/www.angabrasives.com\/wp-content\/uploads\/2025\/04\/Garnet-1-e16353435066091-150x150.jpg",150,150,true],"medium":["https:\/\/www.angabrasives.com\/wp-content\/uploads\/2025\/04\/Garnet-1-e16353435066091-300x168.jpg",300,168,true],"medium_large":["https:\/\/www.angabrasives.com\/wp-content\/uploads\/2025\/04\/Garnet-1-e16353435066091.jpg",725,407,false],"large":["https:\/\/www.angabrasives.com\/wp-content\/uploads\/2025\/04\/Garnet-1-e16353435066091.jpg",725,407,false],"1536x1536":["https:\/\/www.angabrasives.com\/wp-content\/uploads\/2025\/04\/Garnet-1-e16353435066091.jpg",725,407,false],"2048x2048":["https:\/\/www.angabrasives.com\/wp-content\/uploads\/2025\/04\/Garnet-1-e16353435066091.jpg",725,407,false],"trp-custom-language-flag":["https:\/\/www.angabrasives.com\/wp-content\/uploads\/2025\/04\/Garnet-1-e16353435066091-18x10.jpg",18,10,true],"woocommerce_thumbnail":["https:\/\/www.angabrasives.com\/wp-content\/uploads\/2025\/04\/Garnet-1-e16353435066091-300x300.jpg",300,300,true],"woocommerce_single":["https:\/\/www.angabrasives.com\/wp-content\/uploads\/2025\/04\/Garnet-1-e16353435066091-600x337.jpg",600,337,true],"woocommerce_gallery_thumbnail":["https:\/\/www.angabrasives.com\/wp-content\/uploads\/2025\/04\/Garnet-1-e16353435066091-100x100.jpg",100,100,true]},"uagb_author_info":{"display_name":"jinxing6611@gmail.com","author_link":"https:\/\/www.angabrasives.com\/de\/author\/"},"uagb_comment_info":0,"uagb_excerpt":"Garnet is a natural mineral abrasive used in a variety of blasting applications and for waterjet cutting. It has an angular-shaped grain and high bulk density which makes it a very aggressive abrasive with relatively low dust. Garnet has the cutting ability to reach the substrate, removing corrosion or coatings. It can achieve mil profile&hellip;","_links":{"self":[{"href":"https:\/\/www.angabrasives.com\/de\/wp-json\/wp\/v2\/product\/2154","targetHints":{"allow":["GET"]}}],"collection":[{"href":"https:\/\/www.angabrasives.com\/de\/wp-json\/wp\/v2\/product"}],"about":[{"href":"https:\/\/www.angabrasives.com\/de\/wp-json\/wp\/v2\/types\/product"}],"wp:featuredmedia":[{"embeddable":true,"href":"https:\/\/www.angabrasives.com\/de\/wp-json\/wp\/v2\/media\/2155"}],"wp:attachment":[{"href":"https:\/\/www.angabrasives.com\/de\/wp-json\/wp\/v2\/media?parent=2154"}],"wp:term":[{"taxonomy":"product_brand","embeddable":true,"href":"https:\/\/www.angabrasives.com\/de\/wp-json\/wp\/v2\/product_brand?post=2154"},{"taxonomy":"product_cat","embeddable":true,"href":"https:\/\/www.angabrasives.com\/de\/wp-json\/wp\/v2\/product_cat?post=2154"},{"taxonomy":"product_tag","embeddable":true,"href":"https:\/\/www.angabrasives.com\/de\/wp-json\/wp\/v2\/product_tag?post=2154"}],"curies":[{"name":"wp","href":"https:\/\/api.w.org\/{rel}","templated":true}]}}